{"id":896,"date":"2012-07-20T19:25:49","date_gmt":"2012-07-20T19:25:49","guid":{"rendered":"https:\/\/ceramicasantanaba.com.br\/otimiza\/novosite\/?page_id=896"},"modified":"2025-02-01T22:37:03","modified_gmt":"2025-02-01T22:37:03","slug":"historia","status":"publish","type":"page","link":"https:\/\/ceramicasantanaba.com.br\/otimiza\/historia\/","title":{"rendered":"Hist\u00f3ria"},"content":{"rendered":"\t\t<div data-elementor-type=\"wp-page\" data-elementor-id=\"896\" class=\"elementor elementor-896\" data-elementor-post-type=\"page\">\n\t\t\t\t        <section class=\"elementor-section elementor-top-section elementor-element elementor-element-23716bb4 elementor-section-boxed elementor-section-height-default elementor-section-height-default pxl-type-header-none pxl-row-scroll-none\" data-id=\"23716bb4\" data-element_type=\"section\" data-e-type=\"section\">\n\n                \n                <div class=\"elementor-container elementor-column-gap-default \">\n                <div class=\"elementor-column elementor-col-100 elementor-top-column elementor-element elementor-element-24f5116d pxl-column-element-default pxl-column-none pxl-column-overflow-hidden-no\" data-id=\"24f5116d\" data-element_type=\"column\" data-e-type=\"column\">\r\n        <div class=\"elementor-widget-wrap elementor-element-populated\">\r\n                     \r\n        \t\t<div class=\"elementor-element elementor-element-3a92c6a2 elementor-widget elementor-widget-text-editor\" data-id=\"3a92c6a2\" data-element_type=\"widget\" data-e-type=\"widget\" data-widget_type=\"text-editor.default\">\n\t\t\t\t\t\t\t\t\t<div id=\"pl-896\" class=\"panel-layout\"><div id=\"pg-896-0\" class=\"panel-grid panel-no-style\"><div id=\"pgc-896-0-0\" class=\"panel-grid-cell\" data-weight=\"1\"><div id=\"panel-896-0-0-0\" class=\"so-panel widget widget_sow-editor panel-first-child\" data-index=\"0\" data-style=\"{&quot;background_image_attachment&quot;:false,&quot;background_display&quot;:&quot;tile&quot;,&quot;featured_widgets&quot;:&quot;&quot;}\"><div class=\"so-widget-sow-editor so-widget-sow-editor-base\"><div class=\"siteorigin-widget-tinymce textwidget\"><p><span style=\"color: #000000;\"><strong>Atuando no Mercado h\u00e1 mais de 20 anos,<\/strong> a Cer\u00e2mica Santana rapidamente alcan\u00e7ou um lugar de destaque na fabrica\u00e7\u00e3o de produtos cer\u00e2micos.<\/span><\/p><p><span style=\"color: #000000;\">Sendo a primeira Ind\u00fastria de Cer\u00e2mica na Bahia a ser Certificada no PROGRAMA SETORIAL DA QUALIDADE (PSQ), atestado atrav\u00e9s do certificado de conformidade, garantindo a seriedade e preocupa\u00e7\u00e3o no atendimento \u00e0s necessidades t\u00e9cnicas e dos seus clientes.<\/span><\/p><p><span style=\"color: #000000;\">Possui laborat\u00f3rio interno onde todos os lotes produzidos s\u00e3o avaliados desde a pesquisa e caracteriza\u00e7\u00e3o da mat\u00e9ria prima, sazonamento da argila, prepara\u00e7\u00e3o de massa, conforma\u00e7\u00e3o dos produtos, secagem, enforna, queima e expedi\u00e7\u00e3o.<\/span><\/p><p><span style=\"color: #000000;\">S\u00e3o constantes os investimentos da empresa no processo de fabrica\u00e7\u00e3o e na expans\u00e3o da produ\u00e7\u00e3o, proporcionando um padr\u00e3o de qualidade, conforto e seguran\u00e7a em nossa linha de produtos cer\u00e2micos com propriedades particulares.<\/span><\/p><p>\u00a0<\/p><h4><span style=\"color: #000000;\">Atendimento de qualidade<\/span><\/h4><p><span style=\"color: #000000;\">Com intuito de dar o melhor atendimento, a Cer\u00e2mica Santana vem sempre investindo na qualifica\u00e7\u00e3o profissional da sua equipe e em sistemas modernos de comunica\u00e7\u00e3o e inform\u00e1tica.<\/span><\/p><p>\u00a0<\/p><h4><span style=\"color: #000000;\">Nosso comprometimento e sua Satisfa\u00e7\u00e3o<\/span><\/h4><p><span style=\"color: #000000;\">Uma equipe especializada que acompanha e verifica sua satisfa\u00e7\u00e3o coletando opini\u00f5es para a melhoria dos nossos servi\u00e7os. Na busca de meios competitivos, n\u00e3o por pre\u00e7o e sim pela excel\u00eancia do produto, agregando valor de qualidade e confian\u00e7a em sua aquisi\u00e7\u00e3o, no quesito conformidade e nas necessidades dos clientes.<\/span><\/p><p>\u00a0<\/p><h3><span style=\"color: #000000;\">Entrega r\u00e1pida e Confi\u00e1vel<\/span><\/h3><p><span style=\"color: #000000;\">Contando com uma moderna frota de ve\u00edculos, al\u00e9m de conv\u00eanios com confi\u00e1veis transportadoras, a Cer\u00e2mica Santana orgulha-se de poder garantir um sistema de entrega com o m\u00e1ximo de seguran\u00e7a, rapidez e praticidade.<\/span><\/p><\/div><\/div><\/div><\/div><\/div><\/div>\t\t\t\t\t\t\t\t<\/div>\n\t\t            <\/div>\r\n        <\/div>\r\n        \t\t\t<\/div>\n\t\t<\/section>\n\t\t\t\t<\/div>\n\t\t","protected":false},"excerpt":{"rendered":"<p>Atuando no Mercado h\u00e1 mais de 20 anos, a Cer\u00e2mica Santana rapidamente alcan\u00e7ou um lugar de destaque na fabrica\u00e7\u00e3o de produtos cer\u00e2micos. Sendo a primeira Ind\u00fastria de Cer\u00e2mica na Bahia a ser Certificada no PROGRAMA SETORIAL DA QUALIDADE (PSQ), atestado atrav\u00e9s do certificado de conformidade, garantindo a seriedade e preocupa\u00e7\u00e3o no atendimento \u00e0s necessidades t\u00e9cnicas [&hellip;]<\/p>\n","protected":false},"author":0,"featured_media":0,"parent":0,"menu_order":0,"comment_status":"closed","ping_status":"closed","template":"","meta":{"_acf_changed":false,"footnotes":""},"class_list":["post-896","page","type-page","status-publish","hentry"],"acf":[],"aioseo_notices":[],"_links":{"self":[{"href":"https:\/\/ceramicasantanaba.com.br\/otimiza\/wp-json\/wp\/v2\/pages\/896","targetHints":{"allow":["GET"]}}],"collection":[{"href":"https:\/\/ceramicasantanaba.com.br\/otimiza\/wp-json\/wp\/v2\/pages"}],"about":[{"href":"https:\/\/ceramicasantanaba.com.br\/otimiza\/wp-json\/wp\/v2\/types\/page"}],"replies":[{"embeddable":true,"href":"https:\/\/ceramicasantanaba.com.br\/otimiza\/wp-json\/wp\/v2\/comments?post=896"}],"version-history":[{"count":0,"href":"https:\/\/ceramicasantanaba.com.br\/otimiza\/wp-json\/wp\/v2\/pages\/896\/revisions"}],"wp:attachment":[{"href":"https:\/\/ceramicasantanaba.com.br\/otimiza\/wp-json\/wp\/v2\/media?parent=896"}],"curies":[{"name":"wp","href":"https:\/\/api.w.org\/{rel}","templated":true}]}}