{"id":596,"date":"2012-05-11T14:31:59","date_gmt":"2012-05-11T14:31:59","guid":{"rendered":"https:\/\/ceramicasantanaba.com.br\/otimiza\/site\/?page_id=596"},"modified":"2025-02-13T18:54:17","modified_gmt":"2025-02-13T18:54:17","slug":"pesquisa-de-satisfacao","status":"publish","type":"page","link":"https:\/\/ceramicasantanaba.com.br\/otimiza\/pesquisa-de-satisfacao\/","title":{"rendered":"Pesquisa de satisfa\u00e7\u00e3o"},"content":{"rendered":"\t\t<div data-elementor-type=\"wp-page\" data-elementor-id=\"596\" class=\"elementor elementor-596\" data-elementor-post-type=\"page\">\n\t\t\t\t        <section class=\"elementor-section elementor-top-section elementor-element elementor-element-19feda1f elementor-section-boxed elementor-section-height-default elementor-section-height-default pxl-type-header-none pxl-row-scroll-none\" data-id=\"19feda1f\" data-element_type=\"section\" data-e-type=\"section\">\n\n                \n                <div class=\"elementor-container elementor-column-gap-default \">\n                <div class=\"elementor-column elementor-col-100 elementor-top-column elementor-element elementor-element-57bc33f7 pxl-column-element-default pxl-column-none pxl-column-overflow-hidden-no\" data-id=\"57bc33f7\" data-element_type=\"column\" data-e-type=\"column\">\r\n        <div class=\"elementor-widget-wrap elementor-element-populated\">\r\n                     \r\n        \t\t<div class=\"elementor-element elementor-element-4f0ecddd elementor-widget elementor-widget-text-editor\" data-id=\"4f0ecddd\" data-element_type=\"widget\" data-e-type=\"widget\" data-widget_type=\"text-editor.default\">\n\t\t\t\t\t\t\t\t\t<p><span style=\"color: #000000;\">Estamos implantando em nossa Cer\u00e2mica o projeto de Pol\u00edtica da qualidade em todos os n\u00edveis, por isso, temos a necessidade de verificar junto ao prezado cliente qual a sua avalia\u00e7\u00e3o que faz sobre os nossos produtos e servi\u00e7os.<\/span><\/p><p><span style=\"color: #000000;\">Para tanto solicitamos que preencha este formul\u00e1rio com suas cr\u00edticas ou elogios a fim de nos proporcionar condi\u00e7\u00f5es para fazer as nossas corre\u00e7\u00f5es necess\u00e1rias, no sentido de aprimorar a qualidade de nossos produtos e servi\u00e7os. <strong>Desde j\u00e1 agradecemos a sua colabora\u00e7\u00e3o.<\/strong><\/span><\/p><p><!-- # --><\/p>\t\t\t\t\t\t\t\t<\/div>\n\t\t            <\/div>\r\n        <\/div>\r\n        \t\t\t<\/div>\n\t\t<\/section>\n\t\t        <section class=\"elementor-section elementor-top-section elementor-element elementor-element-e38ea9d elementor-section-boxed elementor-section-height-default elementor-section-height-default pxl-type-header-none pxl-row-scroll-none\" data-id=\"e38ea9d\" data-element_type=\"section\" data-e-type=\"section\">\n\n                \n                <div class=\"elementor-container elementor-column-gap-default \">\n                <div class=\"elementor-column elementor-col-100 elementor-top-column elementor-element elementor-element-24d36ad pxl-column-element-default pxl-column-none pxl-column-overflow-hidden-no\" data-id=\"24d36ad\" data-element_type=\"column\" data-e-type=\"column\">\r\n        <div class=\"elementor-widget-wrap elementor-element-populated\">\r\n                     \r\n        \t\t<div class=\"elementor-element elementor-element-578a3c9 elementor-widget elementor-widget-heading\" data-id=\"578a3c9\" data-element_type=\"widget\" data-e-type=\"widget\" data-widget_type=\"heading.default\">\n\t\t\t\t\t<h5 class=\"elementor-heading-title elementor-size-default\">PREENCHA A NOSSA PESQUISA<\/h5>\t\t\t\t<\/div>\n\t\t\t\t<div class=\"elementor-element elementor-element-1eac6d7 elementor-widget elementor-widget-pxl_contact_form\" data-id=\"1eac6d7\" data-element_type=\"widget\" data-e-type=\"widget\" data-widget_type=\"pxl_contact_form.default\">\n\t\t\t\t<div class=\"elementor-widget-container\">\n\t\t\t\t\t    <div class=\"pxl-contact-form pxl-contact-form1 btn-default btn-w-auto \" data-wow-delay=\"ms\">\r\n        \n<div class=\"wpcf7 no-js\" id=\"wpcf7-f19952-o1\" lang=\"pt-BR\" dir=\"ltr\" data-wpcf7-id=\"19952\">\n<div class=\"screen-reader-response\"><p role=\"status\" aria-live=\"polite\" aria-atomic=\"true\"><\/p> <ul><\/ul><\/div>\n<form action=\"\/otimiza\/wp-json\/wp\/v2\/pages\/596#wpcf7-f19952-o1\" method=\"post\" class=\"wpcf7-form init\" aria-label=\"Formul\u00e1rios de contato\" novalidate=\"novalidate\" data-status=\"init\">\n<fieldset class=\"hidden-fields-container\"><input type=\"hidden\" name=\"_wpcf7\" value=\"19952\" \/><input type=\"hidden\" name=\"_wpcf7_version\" value=\"6.1.5\" \/><input type=\"hidden\" name=\"_wpcf7_locale\" value=\"pt_BR\" \/><input type=\"hidden\" name=\"_wpcf7_unit_tag\" value=\"wpcf7-f19952-o1\" \/><input type=\"hidden\" name=\"_wpcf7_container_post\" value=\"0\" \/><input type=\"hidden\" name=\"_wpcf7_posted_data_hash\" value=\"\" \/>\n<\/fieldset>\n<div class=\"row\">\n\t<div class=\"col-12\">\n\t\t<p><span class=\"wpcf7-form-control-wrap\" data-name=\"your-name\"><input size=\"40\" maxlength=\"400\" class=\"wpcf7-form-control wpcf7-text wpcf7-validates-as-required form-control\" aria-required=\"true\" aria-invalid=\"false\" value=\"Digite seu nome ...\" type=\"text\" name=\"your-name\" \/><\/span><br \/>\n<span class=\"wpcf7-form-control-wrap\" data-name=\"your-email\"><input size=\"40\" maxlength=\"400\" class=\"wpcf7-form-control wpcf7-email wpcf7-validates-as-required wpcf7-text wpcf7-validates-as-email form-control\" aria-required=\"true\" aria-invalid=\"false\" value=\"Informe o seu e-mail...\" type=\"email\" name=\"your-email\" \/><\/span><br \/>\n<span class=\"wpcf7-form-control-wrap\" data-name=\"your-empresa\"><input size=\"40\" maxlength=\"400\" class=\"wpcf7-form-control wpcf7-text Empresa form-control\" aria-invalid=\"false\" placeholder=\"Informe o nome da empresa...\" value=\"\" type=\"text\" name=\"your-empresa\" \/><\/span><br \/>\n<span class=\"wpcf7-form-control-wrap\" data-name=\"your-telefone\"><input size=\"40\" maxlength=\"400\" class=\"wpcf7-form-control wpcf7-tel wpcf7-text wpcf7-validates-as-tel telefone form-control\" aria-invalid=\"false\" placeholder=\"Digite o numero de telefone\/whasapp...\" value=\"\" type=\"tel\" name=\"your-telefone\" \/><\/span>\n\t\t<\/p>\n\t<\/div>\n\t<div class=\"col-12 linhaforma\">\n\t\t<h6>01 - Avalie o nosso Departamento Comercial:\n\t\t<\/h6>\n\t\t<p><span class=\"wpcf7-form-control-wrap\" data-name=\"radio-715\"><span class=\"wpcf7-form-control wpcf7-radio form-radio\"><span class=\"wpcf7-list-item first\"><label><input type=\"radio\" name=\"radio-715\" value=\"Bom\" \/><span class=\"wpcf7-list-item-label\">Bom<\/span><\/label><\/span><span class=\"wpcf7-list-item\"><label><input type=\"radio\" name=\"radio-715\" value=\"M\u00e9dio\" \/><span class=\"wpcf7-list-item-label\">M\u00e9dio<\/span><\/label><\/span><span class=\"wpcf7-list-item last\"><label><input type=\"radio\" name=\"radio-715\" value=\"Ruim\" \/><span class=\"wpcf7-list-item-label\">Ruim<\/span><\/label><\/span><\/span><\/span>\n\t\t<\/p>\n\t<\/div>\n\t<div class=\"col-12 linhaforma\">\n\t\t<h6 style=\"color: black\">02 - Avalie o nosso Representante Comercial:\n\t\t<\/h6>\n\t\t<p><span class=\"wpcf7-form-control-wrap\" data-name=\"radio-716\"><span class=\"wpcf7-form-control wpcf7-radio form-control\"><span class=\"wpcf7-list-item first\"><label><input type=\"radio\" name=\"radio-716\" value=\"Bom\" \/><span class=\"wpcf7-list-item-label\">Bom<\/span><\/label><\/span><span class=\"wpcf7-list-item\"><label><input type=\"radio\" name=\"radio-716\" value=\"M\u00e9dio\" \/><span class=\"wpcf7-list-item-label\">M\u00e9dio<\/span><\/label><\/span><span class=\"wpcf7-list-item last\"><label><input type=\"radio\" name=\"radio-716\" value=\"Ruim\" \/><span class=\"wpcf7-list-item-label\">Ruim<\/span><\/label><\/span><\/span><\/span>\n\t\t<\/p>\n\t<\/div>\n\t<div class=\"col-12 linhaforma\">\n\t\t<h6 style=\"color: black\">03 - Avalie a qualidade dos nossos produtos:\n\t\t<\/h6>\n\t\t<p><span class=\"wpcf7-form-control-wrap\" data-name=\"radio-717\"><span class=\"wpcf7-form-control wpcf7-radio form-control\"><span class=\"wpcf7-list-item first\"><label><input type=\"radio\" name=\"radio-717\" value=\"Bom\" \/><span class=\"wpcf7-list-item-label\">Bom<\/span><\/label><\/span><span class=\"wpcf7-list-item\"><label><input type=\"radio\" name=\"radio-717\" value=\"M\u00e9dio\" \/><span class=\"wpcf7-list-item-label\">M\u00e9dio<\/span><\/label><\/span><span class=\"wpcf7-list-item last\"><label><input type=\"radio\" name=\"radio-717\" value=\"Ruim\" \/><span class=\"wpcf7-list-item-label\">Ruim<\/span><\/label><\/span><\/span><\/span>\n\t\t<\/p>\n\t<\/div>\n\t<div class=\"col-12 linhaforma\">\n\t\t<h6 style=\"color: black\">04 - Cumprimento da programa\u00e7\u00e3o de entrega da empresa:\n\t\t<\/h6>\n\t\t<p><span class=\"wpcf7-form-control-wrap\" data-name=\"radio-718\"><span class=\"wpcf7-form-control wpcf7-radio form-control\"><span class=\"wpcf7-list-item first\"><label><input type=\"radio\" name=\"radio-718\" value=\"Bom\" \/><span class=\"wpcf7-list-item-label\">Bom<\/span><\/label><\/span><span class=\"wpcf7-list-item\"><label><input type=\"radio\" name=\"radio-718\" value=\"M\u00e9dio\" \/><span class=\"wpcf7-list-item-label\">M\u00e9dio<\/span><\/label><\/span><span class=\"wpcf7-list-item last\"><label><input type=\"radio\" name=\"radio-718\" value=\"Ruim\" \/><span class=\"wpcf7-list-item-label\">Ruim<\/span><\/label><\/span><\/span><\/span>\n\t\t<\/p>\n\t<\/div>\n\t<div class=\"col-12 linhaforma\">\n\t\t<h6 style=\"color: black\">05 - Condi\u00e7\u00f5es de recebimento e acondicionamento dos produtos\n\t\t<\/h6>\n\t\t<p><span class=\"wpcf7-form-control-wrap\" data-name=\"radio-719\"><span class=\"wpcf7-form-control wpcf7-radio form-control\"><span class=\"wpcf7-list-item first\"><label><input type=\"radio\" name=\"radio-719\" value=\"Bom\" \/><span class=\"wpcf7-list-item-label\">Bom<\/span><\/label><\/span><span class=\"wpcf7-list-item\"><label><input type=\"radio\" name=\"radio-719\" value=\"M\u00e9dio\" \/><span class=\"wpcf7-list-item-label\">M\u00e9dio<\/span><\/label><\/span><span class=\"wpcf7-list-item last\"><label><input type=\"radio\" name=\"radio-719\" value=\"Ruim\" \/><span class=\"wpcf7-list-item-label\">Ruim<\/span><\/label><\/span><\/span><\/span>\n\t\t<\/p>\n\t<\/div>\n\t<div class=\"col-12 linhaforma\">\n\t\t<h6 style=\"color: black\">06 - Recomendam para outra empresa os nossos produtos?.<br \/>\nEm caso de SIM ou N\u00c3O, favor<br \/>\nespecificar o motivo:\n\t\t<\/h6>\n\t\t<p><span class=\"wpcf7-form-control-wrap\" data-name=\"radio-720\"><span class=\"wpcf7-form-control wpcf7-radio form-control\"><span class=\"wpcf7-list-item first\"><label><input type=\"radio\" name=\"radio-720\" value=\"SIM\" \/><span class=\"wpcf7-list-item-label\">SIM<\/span><\/label><\/span><span class=\"wpcf7-list-item last\"><label><input type=\"radio\" name=\"radio-720\" value=\"N\u00c3O\" \/><span class=\"wpcf7-list-item-label\">N\u00c3O<\/span><\/label><\/span><\/span><\/span>\n\t\t<\/p>\n\t<\/div>\n\t<div class=\"col-12 linhaforma\">\n\t\t<p><span class=\"wpcf7-form-control-wrap\" data-name=\"your-message\"><textarea cols=\"40\" rows=\"10\" maxlength=\"2000\" class=\"wpcf7-form-control wpcf7-textarea form-control\" aria-invalid=\"false\" name=\"your-message\">Digite aqui a sua mensagem...<\/textarea><\/span>\n\t\t<\/p>\n\t<\/div>\n\t<div class\"col-12 linhaforma\">\n\t\t<p><input class=\"wpcf7-form-control wpcf7-submit has-spinner btn\" type=\"submit\" value=\"ENVIAR\" \/>\n\t\t<\/p>\n\t<\/div>\n<\/div><div class=\"wpcf7-response-output\" aria-hidden=\"true\"><\/div>\n<\/form>\n<\/div>\n    <\/div>\r\n\t\t\t\t<\/div>\n\t\t\t\t<\/div>\n\t\t            <\/div>\r\n        <\/div>\r\n        \t\t\t<\/div>\n\t\t<\/section>\n\t\t        <section class=\"elementor-section elementor-top-section elementor-element elementor-element-6524aef elementor-section-boxed elementor-section-height-default elementor-section-height-default pxl-type-header-none pxl-row-scroll-none\" data-id=\"6524aef\" data-element_type=\"section\" data-e-type=\"section\">\n\n                \n                <div class=\"elementor-container elementor-column-gap-default \">\n                <div class=\"elementor-column elementor-col-100 elementor-top-column elementor-element elementor-element-3d4a7ab pxl-column-element-default pxl-column-none pxl-column-overflow-hidden-no\" data-id=\"3d4a7ab\" data-element_type=\"column\" data-e-type=\"column\">\r\n        <div class=\"elementor-widget-wrap elementor-element-populated\">\r\n                     \r\n        \t\t<div class=\"elementor-element elementor-element-327236e elementor-widget elementor-widget-html\" data-id=\"327236e\" data-element_type=\"widget\" data-e-type=\"widget\" data-widget_type=\"html.default\">\n\t\t\t\t\t<script>\r\n  \/\/ Seleciona todos os inputs da p\u00e1gina\r\n  const inputs = document.querySelectorAll('input, textarea');\r\n\r\n  inputs.forEach(input => {\r\n    \/\/ Armazena o valor inicial do placeholder ou value\r\n    const initialPlaceholder = input.placeholder;\r\n    const initialValue = input.value;\r\n\r\n    \/\/ Remove o placeholder\/value ao focar no campo\r\n    input.addEventListener('focus', () => {\r\n      if (input.value === initialValue) {\r\n        input.value = '';\r\n      }\r\n      if (input.placeholder) {\r\n        input.placeholder = '';\r\n      }\r\n    });\r\n\r\n    \/\/ Restaura o placeholder\/value ao desfocar do campo, se ele estiver vazio\r\n    input.addEventListener('blur', () => {\r\n      if (input.value === '') {\r\n        input.value = initialValue;\r\n      }\r\n      if (input.placeholder === '') {\r\n        input.placeholder = initialPlaceholder;\r\n      }\r\n    });\r\n  });\r\n<\/script>\r\n\t\t\t\t<\/div>\n\t\t            <\/div>\r\n        <\/div>\r\n        \t\t\t<\/div>\n\t\t<\/section>\n\t\t\t\t<\/div>\n\t\t","protected":false},"excerpt":{"rendered":"<p>Estamos implantando em nossa Cer\u00e2mica o projeto de Pol\u00edtica da qualidade em todos os n\u00edveis, por isso, temos a necessidade de verificar junto ao prezado cliente qual a sua avalia\u00e7\u00e3o que faz sobre os nossos produtos e servi\u00e7os. Para tanto solicitamos que preencha este formul\u00e1rio com suas cr\u00edticas ou elogios a fim de nos proporcionar [&hellip;]<\/p>\n","protected":false},"author":0,"featured_media":0,"parent":0,"menu_order":0,"comment_status":"closed","ping_status":"closed","template":"","meta":{"_acf_changed":false,"footnotes":""},"class_list":["post-596","page","type-page","status-publish","hentry"],"acf":[],"aioseo_notices":[],"_links":{"self":[{"href":"https:\/\/ceramicasantanaba.com.br\/otimiza\/wp-json\/wp\/v2\/pages\/596","targetHints":{"allow":["GET"]}}],"collection":[{"href":"https:\/\/ceramicasantanaba.com.br\/otimiza\/wp-json\/wp\/v2\/pages"}],"about":[{"href":"https:\/\/ceramicasantanaba.com.br\/otimiza\/wp-json\/wp\/v2\/types\/page"}],"replies":[{"embeddable":true,"href":"https:\/\/ceramicasantanaba.com.br\/otimiza\/wp-json\/wp\/v2\/comments?post=596"}],"version-history":[{"count":0,"href":"https:\/\/ceramicasantanaba.com.br\/otimiza\/wp-json\/wp\/v2\/pages\/596\/revisions"}],"wp:attachment":[{"href":"https:\/\/ceramicasantanaba.com.br\/otimiza\/wp-json\/wp\/v2\/media?parent=596"}],"curies":[{"name":"wp","href":"https:\/\/api.w.org\/{rel}","templated":true}]}}