{"id":592,"date":"2012-05-10T18:22:54","date_gmt":"2012-05-10T18:22:54","guid":{"rendered":"https:\/\/ceramicasantanaba.com.br\/otimiza\/site\/?page_id=592"},"modified":"2025-03-27T13:12:26","modified_gmt":"2025-03-27T13:12:26","slug":"localizacao","status":"publish","type":"page","link":"https:\/\/ceramicasantanaba.com.br\/otimiza\/localizacao\/","title":{"rendered":"Localiza\u00e7\u00e3o"},"content":{"rendered":"\t\t<div data-elementor-type=\"wp-page\" data-elementor-id=\"592\" class=\"elementor elementor-592\" data-elementor-post-type=\"page\">\n\t\t\t\t        <section class=\"elementor-section elementor-top-section elementor-element elementor-element-36c7427f elementor-section-boxed elementor-section-height-default elementor-section-height-default pxl-type-header-none pxl-row-scroll-none\" data-id=\"36c7427f\" data-element_type=\"section\" data-e-type=\"section\">\n\n                \n                <div class=\"elementor-container elementor-column-gap-default \">\n                <div class=\"elementor-column elementor-col-100 elementor-top-column elementor-element elementor-element-42113f80 pxl-column-element-default pxl-column-none pxl-column-overflow-hidden-no\" data-id=\"42113f80\" data-element_type=\"column\" data-e-type=\"column\">\r\n        <div class=\"elementor-widget-wrap elementor-element-populated\">\r\n                     \r\n        \t\t<div class=\"elementor-element elementor-element-6a55a3c elementor-widget elementor-widget-text-editor\" data-id=\"6a55a3c\" data-element_type=\"widget\" data-e-type=\"widget\" data-widget_type=\"text-editor.default\">\n\t\t\t\t\t\t\t\t\t<p style=\"text-align: left;\"><span style=\"color: #000000;\"><strong>Nosso endere\u00e7o:<\/strong> Av. Na\u00e7\u00f5es Unidas, Rod. Br 101, KM 107 &#8211; Bairro Coqueiral &#8211; Alagoinhas \u2013 BA\u00a0<\/span><\/p><p><span style=\"color: #000000;\"><strong>Confira nossa localiza\u00e7\u00e3o no mapa:<\/strong><\/span><\/p>\t\t\t\t\t\t\t\t<\/div>\n\t\t            <\/div>\r\n        <\/div>\r\n        \t\t\t<\/div>\n\t\t<\/section>\n\t\t<div class=\"elementor-element elementor-element-98fe34c e-flex e-con-boxed e-con e-parent \" data-id=\"98fe34c\" data-element_type=\"container\" data-e-type=\"container\">\t\t\t<div class=\"e-con-inner\">\r\n\t\t\t\t<div class=\"elementor-element elementor-element-c9a5579 elementor-widget elementor-widget-text-editor\" data-id=\"c9a5579\" data-element_type=\"widget\" data-e-type=\"widget\" data-widget_type=\"text-editor.default\">\n\t\t\t\t\t\t\t\t\t<iframe src=\"https:\/\/www.google.com\/maps\/embed?pb=!1m18!1m12!1m3!1d15602.389361427964!2d-38.39380078611088!3d-12.139679388104474!2m3!1f0!2f0!3f0!3m2!1i1024!2i768!4f13.1!3m3!1m2!1s0x716be93d9b038db%3A0xb37983d32f8a8d4f!2sCER%C3%82MICA%20SANTANA%20DE%20ALAGOINHAS!5e0!3m2!1spt-BR!2sbr!4v1743081102800!5m2!1spt-BR!2sbr\" width=\"600\" height=\"550\" style=\"border:0;\" allowfullscreen=\"\" loading=\"lazy\" referrerpolicy=\"no-referrer-when-downgrade\"><\/iframe>\t\t\t\t\t\t\t\t<\/div>\n\t\t\t\t\t<\/div>\r\n\t\t\t\t<\/div>\r\n\t\t\t\t<\/div>\n\t\t","protected":false},"excerpt":{"rendered":"<p>Nosso endere\u00e7o: Av. Na\u00e7\u00f5es Unidas, Rod. Br 101, KM 107 &#8211; Bairro Coqueiral &#8211; Alagoinhas \u2013 BA\u00a0 Confira nossa localiza\u00e7\u00e3o no mapa:<\/p>\n","protected":false},"author":0,"featured_media":0,"parent":0,"menu_order":0,"comment_status":"closed","ping_status":"closed","template":"","meta":{"_acf_changed":false,"footnotes":""},"class_list":["post-592","page","type-page","status-publish","hentry"],"acf":[],"aioseo_notices":[],"_links":{"self":[{"href":"https:\/\/ceramicasantanaba.com.br\/otimiza\/wp-json\/wp\/v2\/pages\/592","targetHints":{"allow":["GET"]}}],"collection":[{"href":"https:\/\/ceramicasantanaba.com.br\/otimiza\/wp-json\/wp\/v2\/pages"}],"about":[{"href":"https:\/\/ceramicasantanaba.com.br\/otimiza\/wp-json\/wp\/v2\/types\/page"}],"replies":[{"embeddable":true,"href":"https:\/\/ceramicasantanaba.com.br\/otimiza\/wp-json\/wp\/v2\/comments?post=592"}],"version-history":[{"count":0,"href":"https:\/\/ceramicasantanaba.com.br\/otimiza\/wp-json\/wp\/v2\/pages\/592\/revisions"}],"wp:attachment":[{"href":"https:\/\/ceramicasantanaba.com.br\/otimiza\/wp-json\/wp\/v2\/media?parent=592"}],"curies":[{"name":"wp","href":"https:\/\/api.w.org\/{rel}","templated":true}]}}