{"id":587,"date":"2012-05-10T18:15:53","date_gmt":"2012-05-10T18:15:53","guid":{"rendered":"https:\/\/ceramicasantanaba.com.br\/otimiza\/site\/?page_id=587"},"modified":"2025-02-01T23:08:52","modified_gmt":"2025-02-01T23:08:52","slug":"certificacoes","status":"publish","type":"page","link":"https:\/\/ceramicasantanaba.com.br\/otimiza\/certificacoes\/","title":{"rendered":"Certifica\u00e7\u00f5es"},"content":{"rendered":"\t\t<div data-elementor-type=\"wp-page\" data-elementor-id=\"587\" class=\"elementor elementor-587\" data-elementor-post-type=\"page\">\n\t\t\t\t        <section class=\"elementor-section elementor-top-section elementor-element elementor-element-7f8b2b02 elementor-section-boxed elementor-section-height-default elementor-section-height-default pxl-type-header-none pxl-row-scroll-none\" data-id=\"7f8b2b02\" data-element_type=\"section\" data-e-type=\"section\">\n\n                \n                <div class=\"elementor-container elementor-column-gap-default \">\n                <div class=\"elementor-column elementor-col-100 elementor-top-column elementor-element elementor-element-4808ee17 pxl-column-element-default pxl-column-none pxl-column-overflow-hidden-no\" data-id=\"4808ee17\" data-element_type=\"column\" data-e-type=\"column\">\r\n        <div class=\"elementor-widget-wrap elementor-element-populated\">\r\n                     \r\n        \t\t<div class=\"elementor-element elementor-element-724e7393 elementor-widget elementor-widget-text-editor\" data-id=\"724e7393\" data-element_type=\"widget\" data-e-type=\"widget\" data-widget_type=\"text-editor.default\">\n\t\t\t\t\t\t\t\t\t<div id=\"pl-587\" class=\"panel-layout\"><div id=\"pg-587-0\" class=\"panel-grid panel-no-style\" data-style=\"{&quot;background_display&quot;:&quot;tile&quot;}\"><div id=\"pgc-587-0-0\" class=\"panel-grid-cell\" data-weight=\"1\"><div id=\"panel-587-0-0-0\" class=\"so-panel widget widget_text panel-first-child panel-last-child\" data-index=\"0\" data-style=\"{&quot;background_display&quot;:&quot;tile&quot;,&quot;featured_widgets&quot;:&quot;&quot;}\"><div class=\"textwidget\"><p><span style=\"color: #000000;\">Nossa empresa preza pela qualidade no processo de industrializa\u00e7\u00e3o dos nossos produtos. Somos a primeira ind\u00fastria de cer\u00e2mica do estado da Bahia a receber o <strong>certificado do PSQ &#8211; Programa Setorial de Qualidade nas categorias Telhas e Blocos Cer\u00e2micos.<\/strong><\/span><\/p><p><span style=\"color: #000000;\"> Certificado gerenciado pela ANICER &#8211; Associa\u00e7\u00e3o Nacioanal da Ind\u00fastria Cer\u00e2mica, vinculado ao PBQP-H &#8211; Programa Brasileiro da Qualidade e da Produtividade no Habitat, do Minist\u00e9rio das Cidades, visando a qualifica\u00e7\u00e3o dos materiais, o crescimento da constru\u00e7\u00e3o c\u00edvil brasileira e a integra\u00e7\u00e3o da cadeia produtiva.<\/span><\/p><p><strong><span style=\"color: #000000;\">PSQ &#8211; Programa Setorial de Qualidade<\/span><\/strong><br \/><span style=\"color: #000000;\">PSQ como ferramenta para a qualidade auxilia as empresas a enquadrarem blocos e telhas cer\u00e2micos e processos de acordo com mudan\u00e7as competitivas.<\/span><br \/><span style=\"color: #000000;\">O PSQ tem papel importante para que as empresas tornem-se refer\u00eancia e fomentem a qualidade.<\/span><br \/><span style=\"color: #000000;\">O PSQ atesta que as empresas qualificadas fabricam produtos conforme as normas da ABNT &#8211; Associa\u00e7\u00e3o Brasileiras das Normas T\u00e9cnicas. De acordo com as regras estabelecidas pelo programa, a empresa oferece produtos qualificados ao mercado.<\/span><br \/><span style=\"color: #000000;\">Alagoinhas &#8211; Bahia<\/span><\/p><p><span style=\"color: #000000;\">Tamb\u00e9m fomos certificados pela Prefeitura, C\u00e2mara de Vereadores e For\u00e7as Empresariais de Alagoinhas por contribuirmos para o desenvolvimento econ\u00f4mico e social e gera\u00e7\u00e3o de emprego e renda no mun\u00edcipio.<\/span><\/p><\/div><\/div><\/div><\/div><\/div>\t\t\t\t\t\t\t\t<\/div>\n\t\t            <\/div>\r\n        <\/div>\r\n        \t\t\t<\/div>\n\t\t<\/section>\n\t\t        <section class=\"elementor-section elementor-top-section elementor-element elementor-element-ce85c28 elementor-section-boxed elementor-section-height-default elementor-section-height-default pxl-type-header-none pxl-row-scroll-none\" data-id=\"ce85c28\" data-element_type=\"section\" data-e-type=\"section\">\n\n                \n                <div class=\"elementor-container elementor-column-gap-default \">\n                <div class=\"elementor-column elementor-col-100 elementor-top-column elementor-element elementor-element-c256772 pxl-column-element-default pxl-column-none pxl-column-overflow-hidden-no\" data-id=\"c256772\" data-element_type=\"column\" data-e-type=\"column\">\r\n        <div class=\"elementor-widget-wrap elementor-element-populated\">\r\n                     \r\n        \t\t<div class=\"elementor-element elementor-element-dfe4359 elementor-widget elementor-widget-heading\" data-id=\"dfe4359\" data-element_type=\"widget\" data-e-type=\"widget\" data-widget_type=\"heading.default\">\n\t\t\t\t\t<h5 class=\"elementor-heading-title elementor-size-default\">NOSSOS CERTIFICADOS:<\/h5>\t\t\t\t<\/div>\n\t\t\t\t<div class=\"elementor-element elementor-element-0fcc366 elementor-widget elementor-widget-text-editor\" data-id=\"0fcc366\" data-element_type=\"widget\" data-e-type=\"widget\" data-widget_type=\"text-editor.default\">\n\t\t\t\t\t\t\t\t\t<p><span style=\"color: #000000;\">Clique nas imagens para ampliar.<\/span><\/p>\t\t\t\t\t\t\t\t<\/div>\n\t\t\t\t<div class=\"elementor-element elementor-element-974293b elementor-widget elementor-widget-image-gallery\" data-id=\"974293b\" data-element_type=\"widget\" data-e-type=\"widget\" data-widget_type=\"image-gallery.default\">\n\t\t\t\t\t\t\t<div class=\"elementor-image-gallery\">\n\t\t\t\n\t\t<style type=\"text\/css\">\n\t\t\t#gallery-1 {\n\t\t\t\tmargin: auto;\n\t\t\t}\n\t\t\t#gallery-1 .gallery-item {\n\t\t\t\tfloat: left;\n\t\t\t\tmargin-top: 10px;\n\t\t\t\ttext-align: center;\n\t\t\t\twidth: 33%;\n\t\t\t}\n\t\t\t#gallery-1 img {\n\t\t\t\tborder: 2px solid #cfcfcf;\n\t\t\t}\n\t\t\t#gallery-1 .gallery-caption {\n\t\t\t\tmargin-left: 0;\n\t\t\t}\n\t\t\t\/* see gallery_shortcode() in wp-includes\/media.php *\/\n\t\t<\/style>\n\t\t<div id='gallery-1' class='gallery galleryid-587 gallery-columns-3 gallery-size-medium'><dl class='gallery-item'>\n\t\t\t<dt class='gallery-icon landscape'>\n\t\t\t\t<a data-elementor-open-lightbox=\"yes\" data-elementor-lightbox-slideshow=\"974293b\" data-e-action-hash=\"#elementor-action%3Aaction%3Dlightbox%26settings%3DeyJpZCI6MTE2MCwidXJsIjoiaHR0cHM6XC9cL2NlcmFtaWNhc2FudGFuYWJhLmNvbS5iclwvb3RpbWl6YVwvd3AtY29udGVudFwvdXBsb2Fkc1wvMjAxMlwvMDVcL2NlcnQtcHJlZmVpdHVyYS5qcGciLCJzbGlkZXNob3ciOiI5NzQyOTNiIn0%3D\" href='https:\/\/ceramicasantanaba.com.br\/otimiza\/wp-content\/uploads\/2012\/05\/cert-prefeitura.jpg'><img fetchpriority=\"high\" decoding=\"async\" width=\"300\" height=\"207\" src=\"https:\/\/ceramicasantanaba.com.br\/otimiza\/wp-content\/uploads\/2012\/05\/cert-prefeitura-300x207.jpg\" class=\"attachment-medium size-medium\" alt=\"\" srcset=\"https:\/\/ceramicasantanaba.com.br\/otimiza\/wp-content\/uploads\/2012\/05\/cert-prefeitura-300x207.jpg 300w, https:\/\/ceramicasantanaba.com.br\/otimiza\/wp-content\/uploads\/2012\/05\/cert-prefeitura-540x372.jpg 540w, https:\/\/ceramicasantanaba.com.br\/otimiza\/wp-content\/uploads\/2012\/05\/cert-prefeitura-100x70.jpg 100w, https:\/\/ceramicasantanaba.com.br\/otimiza\/wp-content\/uploads\/2012\/05\/cert-prefeitura.jpg 620w\" sizes=\"(max-width: 300px) 100vw, 300px\" \/><\/a>\n\t\t\t<\/dt><\/dl><dl class='gallery-item'>\n\t\t\t<dt class='gallery-icon landscape'>\n\t\t\t\t<a data-elementor-open-lightbox=\"yes\" data-elementor-lightbox-slideshow=\"974293b\" data-e-action-hash=\"#elementor-action%3Aaction%3Dlightbox%26settings%3DeyJpZCI6MTE2MSwidXJsIjoiaHR0cHM6XC9cL2NlcmFtaWNhc2FudGFuYWJhLmNvbS5iclwvb3RpbWl6YVwvd3AtY29udGVudFwvdXBsb2Fkc1wvMjAxMlwvMDVcL3BzcS1ibG9jby5qcGciLCJzbGlkZXNob3ciOiI5NzQyOTNiIn0%3D\" href='https:\/\/ceramicasantanaba.com.br\/otimiza\/wp-content\/uploads\/2012\/05\/psq-bloco.jpg'><img decoding=\"async\" width=\"300\" height=\"207\" src=\"https:\/\/ceramicasantanaba.com.br\/otimiza\/wp-content\/uploads\/2012\/05\/psq-bloco-300x207.jpg\" class=\"attachment-medium size-medium\" alt=\"\" srcset=\"https:\/\/ceramicasantanaba.com.br\/otimiza\/wp-content\/uploads\/2012\/05\/psq-bloco-300x207.jpg 300w, https:\/\/ceramicasantanaba.com.br\/otimiza\/wp-content\/uploads\/2012\/05\/psq-bloco-540x372.jpg 540w, https:\/\/ceramicasantanaba.com.br\/otimiza\/wp-content\/uploads\/2012\/05\/psq-bloco-100x70.jpg 100w, https:\/\/ceramicasantanaba.com.br\/otimiza\/wp-content\/uploads\/2012\/05\/psq-bloco.jpg 620w\" sizes=\"(max-width: 300px) 100vw, 300px\" \/><\/a>\n\t\t\t<\/dt><\/dl><dl class='gallery-item'>\n\t\t\t<dt class='gallery-icon landscape'>\n\t\t\t\t<a data-elementor-open-lightbox=\"yes\" data-elementor-lightbox-slideshow=\"974293b\" data-e-action-hash=\"#elementor-action%3Aaction%3Dlightbox%26settings%3DeyJpZCI6MTE2MiwidXJsIjoiaHR0cHM6XC9cL2NlcmFtaWNhc2FudGFuYWJhLmNvbS5iclwvb3RpbWl6YVwvd3AtY29udGVudFwvdXBsb2Fkc1wvMjAxMlwvMDVcL3BzcS10ZWxoYS5qcGciLCJzbGlkZXNob3ciOiI5NzQyOTNiIn0%3D\" href='https:\/\/ceramicasantanaba.com.br\/otimiza\/wp-content\/uploads\/2012\/05\/psq-telha.jpg'><img decoding=\"async\" width=\"300\" height=\"207\" src=\"https:\/\/ceramicasantanaba.com.br\/otimiza\/wp-content\/uploads\/2012\/05\/psq-telha-300x207.jpg\" class=\"attachment-medium size-medium\" alt=\"\" srcset=\"https:\/\/ceramicasantanaba.com.br\/otimiza\/wp-content\/uploads\/2012\/05\/psq-telha-300x207.jpg 300w, https:\/\/ceramicasantanaba.com.br\/otimiza\/wp-content\/uploads\/2012\/05\/psq-telha-540x372.jpg 540w, https:\/\/ceramicasantanaba.com.br\/otimiza\/wp-content\/uploads\/2012\/05\/psq-telha-100x70.jpg 100w, https:\/\/ceramicasantanaba.com.br\/otimiza\/wp-content\/uploads\/2012\/05\/psq-telha.jpg 620w\" sizes=\"(max-width: 300px) 100vw, 300px\" \/><\/a>\n\t\t\t<\/dt><\/dl><br style=\"clear: both\" \/>\n\t\t<\/div>\n\t\t<\/div>\n\t\t\t\t\t\t<\/div>\n\t\t            <\/div>\r\n        <\/div>\r\n        \t\t\t<\/div>\n\t\t<\/section>\n\t\t\t\t<\/div>\n\t\t","protected":false},"excerpt":{"rendered":"<p>Nossa empresa preza pela qualidade no processo de industrializa\u00e7\u00e3o dos nossos produtos. Somos a primeira ind\u00fastria de cer\u00e2mica do estado da Bahia a receber o certificado do PSQ &#8211; Programa Setorial de Qualidade nas categorias Telhas e Blocos Cer\u00e2micos. Certificado gerenciado pela ANICER &#8211; Associa\u00e7\u00e3o Nacioanal da Ind\u00fastria Cer\u00e2mica, vinculado ao PBQP-H &#8211; Programa Brasileiro [&hellip;]<\/p>\n","protected":false},"author":0,"featured_media":0,"parent":0,"menu_order":0,"comment_status":"closed","ping_status":"closed","template":"","meta":{"_acf_changed":false,"footnotes":""},"class_list":["post-587","page","type-page","status-publish","hentry"],"acf":[],"aioseo_notices":[],"_links":{"self":[{"href":"https:\/\/ceramicasantanaba.com.br\/otimiza\/wp-json\/wp\/v2\/pages\/587","targetHints":{"allow":["GET"]}}],"collection":[{"href":"https:\/\/ceramicasantanaba.com.br\/otimiza\/wp-json\/wp\/v2\/pages"}],"about":[{"href":"https:\/\/ceramicasantanaba.com.br\/otimiza\/wp-json\/wp\/v2\/types\/page"}],"replies":[{"embeddable":true,"href":"https:\/\/ceramicasantanaba.com.br\/otimiza\/wp-json\/wp\/v2\/comments?post=587"}],"version-history":[{"count":0,"href":"https:\/\/ceramicasantanaba.com.br\/otimiza\/wp-json\/wp\/v2\/pages\/587\/revisions"}],"wp:attachment":[{"href":"https:\/\/ceramicasantanaba.com.br\/otimiza\/wp-json\/wp\/v2\/media?parent=587"}],"curies":[{"name":"wp","href":"https:\/\/api.w.org\/{rel}","templated":true}]}}