{"id":585,"date":"2012-05-10T18:11:53","date_gmt":"2012-05-10T18:11:53","guid":{"rendered":"https:\/\/ceramicasantanaba.com.br\/otimiza\/site\/?page_id=585"},"modified":"2025-01-17T20:16:19","modified_gmt":"2025-01-17T20:16:19","slug":"responsabilidade-social","status":"publish","type":"page","link":"https:\/\/ceramicasantanaba.com.br\/otimiza\/responsabilidade-social\/","title":{"rendered":"Responsabilidade social"},"content":{"rendered":"\t\t<div data-elementor-type=\"wp-page\" data-elementor-id=\"585\" class=\"elementor elementor-585\" data-elementor-post-type=\"page\">\n\t\t\t\t        <section class=\"elementor-section elementor-top-section elementor-element elementor-element-658c96b6 elementor-section-boxed elementor-section-height-default elementor-section-height-default pxl-type-header-none pxl-row-scroll-none\" data-id=\"658c96b6\" data-element_type=\"section\" data-e-type=\"section\">\n\n                \n                <div class=\"elementor-container elementor-column-gap-default \">\n                <div class=\"elementor-column elementor-col-100 elementor-top-column elementor-element elementor-element-56119128 pxl-column-element-default pxl-column-none pxl-column-overflow-hidden-no\" data-id=\"56119128\" data-element_type=\"column\" data-e-type=\"column\">\r\n        <div class=\"elementor-widget-wrap elementor-element-populated\">\r\n                     \r\n        \t\t<div class=\"elementor-element elementor-element-420aa58d elementor-widget elementor-widget-text-editor\" data-id=\"420aa58d\" data-element_type=\"widget\" data-e-type=\"widget\" data-widget_type=\"text-editor.default\">\n\t\t\t\t\t\t\t\t\t<p><span style=\"color: #000000;\"><strong>A Cer\u00e2mica Santana <\/strong>contribui para o desenvolvimento do munic\u00edpio gerando mais de 100 empregos diretos e 300 indiretos, impacta significativamente a forma\u00e7\u00e3o do Produto Interno local, com consequ\u00eancias positivas para a composi\u00e7\u00e3o, via tributos, do or\u00e7amento p\u00fablico.<\/span><\/p><p><span style=\"color: #000000;\">Colabora tamb\u00e9m para manter o interesse de novos empreendimentos cer\u00e2micos na cidade e atua no mercado de constru\u00e7\u00e3o civil e habita\u00e7\u00e3o, ofertando materiais de qualidade, ou seja, seguros, dur\u00e1veis e de conforto t\u00e9rmico.<\/span><\/p><p><span style=\"color: #000000;\">A empresa tamb\u00e9m <strong>emprega o conceito de responsabilidade social com doa\u00e7\u00e3o esquematizada<\/strong>, de materiais de constru\u00e7\u00e3o, cestas b\u00e1sicas; na realiza\u00e7\u00e3o de reflorestamento, produ\u00e7\u00e3o de mel em parceria com a Casa do mel, utilizando-se das \u00e1reas de reserva legal e de reflorestamento para capita\u00e7\u00e3o do n\u00e9ctar, contribuindo para o desenvolvimento das comunidades na regi\u00e3o, ampliando a extens\u00e3o do projeto <strong>Plantio de Eucalipto e do Projeto Apicultura<\/strong>; pavimenta\u00e7\u00e3o de algumas localidades.<\/span><\/p><p><span style=\"color: #000000;\">Em <strong>Recursos Humanos<\/strong>, existe uma administra\u00e7\u00e3o que aproxima totalmente o colaborador no processo de gest\u00e3o, estabelecendo a capacita\u00e7\u00e3o destes, o di\u00e1logo na linha de comando, associados a iniciativas de valoriza\u00e7\u00e3o e integra\u00e7\u00e3o dos colaboradores com atividades como a confraterniza\u00e7\u00e3o anual, o destaque dos aniversariantes do m\u00eas, parcerias com clubes recreativos, plano odontol\u00f3gico, conv\u00eanio de medicamento e a ado\u00e7\u00e3o de v\u00e1rias formas de reconhecimento da dedica\u00e7\u00e3o de cada colaborador.<\/span><\/p>\t\t\t\t\t\t\t\t<\/div>\n\t\t            <\/div>\r\n        <\/div>\r\n        \t\t\t<\/div>\n\t\t<\/section>\n\t\t\t\t<\/div>\n\t\t","protected":false},"excerpt":{"rendered":"<p>A Cer\u00e2mica Santana contribui para o desenvolvimento do munic\u00edpio gerando mais de 100 empregos diretos e 300 indiretos, impacta significativamente a forma\u00e7\u00e3o do Produto Interno local, com consequ\u00eancias positivas para a composi\u00e7\u00e3o, via tributos, do or\u00e7amento p\u00fablico. Colabora tamb\u00e9m para manter o interesse de novos empreendimentos cer\u00e2micos na cidade e atua no mercado de constru\u00e7\u00e3o [&hellip;]<\/p>\n","protected":false},"author":0,"featured_media":0,"parent":0,"menu_order":0,"comment_status":"closed","ping_status":"closed","template":"","meta":{"_acf_changed":false,"footnotes":""},"class_list":["post-585","page","type-page","status-publish","hentry"],"acf":[],"aioseo_notices":[],"_links":{"self":[{"href":"https:\/\/ceramicasantanaba.com.br\/otimiza\/wp-json\/wp\/v2\/pages\/585","targetHints":{"allow":["GET"]}}],"collection":[{"href":"https:\/\/ceramicasantanaba.com.br\/otimiza\/wp-json\/wp\/v2\/pages"}],"about":[{"href":"https:\/\/ceramicasantanaba.com.br\/otimiza\/wp-json\/wp\/v2\/types\/page"}],"replies":[{"embeddable":true,"href":"https:\/\/ceramicasantanaba.com.br\/otimiza\/wp-json\/wp\/v2\/comments?post=585"}],"version-history":[{"count":0,"href":"https:\/\/ceramicasantanaba.com.br\/otimiza\/wp-json\/wp\/v2\/pages\/585\/revisions"}],"wp:attachment":[{"href":"https:\/\/ceramicasantanaba.com.br\/otimiza\/wp-json\/wp\/v2\/media?parent=585"}],"curies":[{"name":"wp","href":"https:\/\/api.w.org\/{rel}","templated":true}]}}