{"id":583,"date":"2012-05-10T18:08:50","date_gmt":"2012-05-10T18:08:50","guid":{"rendered":"https:\/\/ceramicasantanaba.com.br\/otimiza\/site\/?page_id=583"},"modified":"2025-02-01T22:51:26","modified_gmt":"2025-02-01T22:51:26","slug":"politica-de-qualidade","status":"publish","type":"page","link":"https:\/\/ceramicasantanaba.com.br\/otimiza\/politica-de-qualidade\/","title":{"rendered":"Pol\u00edtica de qualidade"},"content":{"rendered":"\t\t<div data-elementor-type=\"wp-page\" data-elementor-id=\"583\" class=\"elementor elementor-583\" data-elementor-post-type=\"page\">\n\t\t\t\t        <section class=\"elementor-section elementor-top-section elementor-element elementor-element-233a7577 elementor-section-boxed elementor-section-height-default elementor-section-height-default pxl-type-header-none pxl-row-scroll-none\" data-id=\"233a7577\" data-element_type=\"section\" data-e-type=\"section\">\n\n                            <div class=\"elementor-background-overlay\"><\/div>\n            \n                <div class=\"elementor-container elementor-column-gap-default \">\n                <div class=\"elementor-column elementor-col-100 elementor-top-column elementor-element elementor-element-6d6144da pxl-column-element-default pxl-column-none pxl-column-overflow-hidden-no\" data-id=\"6d6144da\" data-element_type=\"column\" data-e-type=\"column\">\r\n        <div class=\"elementor-widget-wrap elementor-element-populated\">\r\n                     \r\n        \t\t<div class=\"elementor-element elementor-element-3b149e3b elementor-widget elementor-widget-text-editor\" data-id=\"3b149e3b\" data-element_type=\"widget\" data-e-type=\"widget\" data-widget_type=\"text-editor.default\">\n\t\t\t\t\t\t\t\t\t<p><span style=\"color: #000000;\">Produzir telhas e blocos cer\u00e2micos de qualidade visando obter a satisfa\u00e7\u00e3o dos clientes atrav\u00e9s do atendimento de suas necessidades, envolvendo toda a empresa na busca pela melhoria cont\u00ednua em um ambiente de trabalho que promova a motiva\u00e7\u00e3o dos colaboradores.<\/span><\/p><p>\u00a0<\/p><h4><span style=\"color: #000000;\">Os objetivos da qualidade s\u00e3o:<\/span><\/h4><ul class=\"marcadores\"><li><span style=\"color: #000000;\">Aprimorar e otimizar continuamente os processos e produtos;<\/span><\/li><li><span style=\"color: #000000;\">Oferecer um ambiente de trabalho saud\u00e1vel;<\/span><\/li><li><span style=\"color: #000000;\">Assegurar a conformidade aos requisitos das normas t\u00e9cnicas aplic\u00e1veis, em todos os produtos;<\/span><\/li><li><span style=\"color: #000000;\">Respeitar o meio ambiente;<\/span><\/li><\/ul>\t\t\t\t\t\t\t\t<\/div>\n\t\t            <\/div>\r\n        <\/div>\r\n        \t\t\t<\/div>\n\t\t<\/section>\n\t\t\t\t<\/div>\n\t\t","protected":false},"excerpt":{"rendered":"<p>Produzir telhas e blocos cer\u00e2micos de qualidade visando obter a satisfa\u00e7\u00e3o dos clientes atrav\u00e9s do atendimento de suas necessidades, envolvendo toda a empresa na busca pela melhoria cont\u00ednua em um ambiente de trabalho que promova a motiva\u00e7\u00e3o dos colaboradores. \u00a0 Os objetivos da qualidade s\u00e3o: Aprimorar e otimizar continuamente os processos e produtos; Oferecer um [&hellip;]<\/p>\n","protected":false},"author":0,"featured_media":0,"parent":0,"menu_order":0,"comment_status":"closed","ping_status":"closed","template":"","meta":{"_acf_changed":false,"footnotes":""},"class_list":["post-583","page","type-page","status-publish","hentry"],"acf":[],"aioseo_notices":[],"_links":{"self":[{"href":"https:\/\/ceramicasantanaba.com.br\/otimiza\/wp-json\/wp\/v2\/pages\/583","targetHints":{"allow":["GET"]}}],"collection":[{"href":"https:\/\/ceramicasantanaba.com.br\/otimiza\/wp-json\/wp\/v2\/pages"}],"about":[{"href":"https:\/\/ceramicasantanaba.com.br\/otimiza\/wp-json\/wp\/v2\/types\/page"}],"replies":[{"embeddable":true,"href":"https:\/\/ceramicasantanaba.com.br\/otimiza\/wp-json\/wp\/v2\/comments?post=583"}],"version-history":[{"count":0,"href":"https:\/\/ceramicasantanaba.com.br\/otimiza\/wp-json\/wp\/v2\/pages\/583\/revisions"}],"wp:attachment":[{"href":"https:\/\/ceramicasantanaba.com.br\/otimiza\/wp-json\/wp\/v2\/media?parent=583"}],"curies":[{"name":"wp","href":"https:\/\/api.w.org\/{rel}","templated":true}]}}