{"id":581,"date":"2012-05-10T18:08:22","date_gmt":"2012-05-10T18:08:22","guid":{"rendered":"https:\/\/ceramicasantanaba.com.br\/otimiza\/site\/?page_id=581"},"modified":"2025-03-30T16:17:31","modified_gmt":"2025-03-30T16:17:31","slug":"controle-de-qualidade","status":"publish","type":"page","link":"https:\/\/ceramicasantanaba.com.br\/otimiza\/controle-de-qualidade\/","title":{"rendered":"Controle de qualidade"},"content":{"rendered":"\t\t<div data-elementor-type=\"wp-page\" data-elementor-id=\"581\" class=\"elementor elementor-581\" data-elementor-post-type=\"page\">\n\t\t\t\t<div class=\"elementor-element elementor-element-114f25f e-flex e-con-boxed e-con e-parent \" data-id=\"114f25f\" data-element_type=\"container\" data-e-type=\"container\">\t\t\t<div class=\"e-con-inner\">\r\n\t\t\t\t<div class=\"elementor-element elementor-element-2bba273f elementor-widget elementor-widget-text-editor\" data-id=\"2bba273f\" data-element_type=\"widget\" data-e-type=\"widget\" data-widget_type=\"text-editor.default\">\n\t\t\t\t\t\t\t\t\t<p><span style=\"color: #000000;\">Para proporcionar aos seus clientes um padr\u00e3o de qualidade, conforto e seguran\u00e7a em sua linha de produtos cer\u00e2micos, a Cer\u00e2mica Santana possui laborat\u00f3rio interno onde realiza ensaios e testes, onde todos os lotes produzidos s\u00e3o avaliados, desde a pesquisa e caracteriza\u00e7\u00e3o da mat\u00e9ria prima para sua fabrica\u00e7\u00e3o, sazonamento da argila, prepara\u00e7\u00e3o de massa, conforma\u00e7\u00e3o dos produtos, secagem, enforna, queima e expedi\u00e7\u00e3o.<\/span><\/p><p><span style=\"color: #000000;\">Ao mesmo tempo que mant\u00e9m parceria com Laborat\u00f3rios de Ensaio Acreditados, como o SENAI, entidade gestora t\u00e9cnica respons\u00e1vel pela avalia\u00e7\u00e3o da conformidade dos produtos no \u00e2mbito do Programa Setorial da Qualidade( PSQ ) de Blocos e de Telhas Cer\u00e2micas, certificado pelo INMETRO, gerida pela ANICER.<\/span><\/p><p><span style=\"color: #000000;\">Seguindo na produ\u00e7\u00e3o de Telhas Cer\u00e2micas, fabricadas com argila conformada, por prensagem ou extrus\u00e3o, e queimadas de forma a permitir que o produto final atenda \u00e0s condi\u00e7\u00f5es determinadas pela Norma ABNT NBR 15310 Componentes cer\u00e2micos \u2013 Telhas \u2013 Terminologia, Requisitos e M\u00e9todos de ensaio.<\/span><\/p><p><span style=\"color: #000000;\">Na produ\u00e7\u00e3o de Blocos Cer\u00e2micos para alvenaria de veda\u00e7\u00e3o, fabricadas com argila conformada por extrus\u00e3o, e queimadas de forma a permitir que o produto final atenda \u00e0s condi\u00e7\u00f5es determinadas pela Norma ABNT NBR 15270-1, Componentes cer\u00e2micos \u2013 Blocos \u2013 Terminologia, Requisitos e M\u00e9todos de ensaio.<\/span><\/p><p>\u00a0<\/p><h4><span style=\"color: #000000;\">Controles de qualidade aplicados durante todos os processos de fabrica\u00e7\u00e3o resultam produtos com:<\/span><\/h4><ul class=\"marcadores\"><li><span style=\"color: #000000;\">Dimens\u00f5es padronizadas e uniformes.<\/span><\/li><li><span style=\"color: #000000;\">Boa resist\u00eancia \u00e0 flex\u00e3o.<\/span><\/li><li><span style=\"color: #000000;\">Absor\u00e7\u00e3o reduzida.<\/span><\/li><li><span style=\"color: #000000;\">Colora\u00e7\u00e3o uniforme.<\/span><\/li><\/ul><h4><span style=\"color: #000000;\"><br \/>Durabilidade:<\/span><\/h4><p><span style=\"color: #000000;\">Devido ao tempo de sazonamento da argila e com a utiliza\u00e7\u00e3o de m\u00e1quinas que melhoram a sua conforma\u00e7\u00e3o, retirando todas as impurezas, resultando \u00e0s excelentes condi\u00e7\u00f5es de preparo das argilas, aliadas a sua composi\u00e7\u00e3o e altas temperaturas de queima, obt\u00e9m-se uma maior durabilidade dos produtos.<\/span><\/p><p>\u00a0<\/p><h4><span style=\"color: #000000;\">Conforto t\u00e9rmico:\u00a0<\/span><\/h4><p><span style=\"color: #000000;\">A cer\u00e2mica \u00e9 considerada um dos materiais de menor calor espec\u00edfico, ou seja, de dif\u00edcil propaga\u00e7\u00e3o. Isto significa que o calor oriundo do ambiente externo demora a se dissipar em nossos produtos e consequentemente para se propagar no ambiente interno, conservando assim uma temperatura sempre est\u00e1vel. Os produtos s\u00e3o queimados a uma temperatura de aproximadamente 1.000\u00b0C, o que lhes garante uma excelente condi\u00e7\u00e3o de impermeabiliza\u00e7\u00e3o.<\/span><\/p>\t\t\t\t\t\t\t\t<\/div>\n\t\t\t\t\t<\/div>\r\n\t\t\t\t<\/div>\r\n\t\t\t\t<\/div>\n\t\t","protected":false},"excerpt":{"rendered":"<p>Para proporcionar aos seus clientes um padr\u00e3o de qualidade, conforto e seguran\u00e7a em sua linha de produtos cer\u00e2micos, a Cer\u00e2mica Santana possui laborat\u00f3rio interno onde realiza ensaios e testes, onde todos os lotes produzidos s\u00e3o avaliados, desde a pesquisa e caracteriza\u00e7\u00e3o da mat\u00e9ria prima para sua fabrica\u00e7\u00e3o, sazonamento da argila, prepara\u00e7\u00e3o de massa, conforma\u00e7\u00e3o dos [&hellip;]<\/p>\n","protected":false},"author":0,"featured_media":0,"parent":0,"menu_order":0,"comment_status":"closed","ping_status":"closed","template":"","meta":{"_acf_changed":false,"footnotes":""},"class_list":["post-581","page","type-page","status-publish","hentry"],"acf":[],"aioseo_notices":[],"_links":{"self":[{"href":"https:\/\/ceramicasantanaba.com.br\/otimiza\/wp-json\/wp\/v2\/pages\/581","targetHints":{"allow":["GET"]}}],"collection":[{"href":"https:\/\/ceramicasantanaba.com.br\/otimiza\/wp-json\/wp\/v2\/pages"}],"about":[{"href":"https:\/\/ceramicasantanaba.com.br\/otimiza\/wp-json\/wp\/v2\/types\/page"}],"replies":[{"embeddable":true,"href":"https:\/\/ceramicasantanaba.com.br\/otimiza\/wp-json\/wp\/v2\/comments?post=581"}],"version-history":[{"count":0,"href":"https:\/\/ceramicasantanaba.com.br\/otimiza\/wp-json\/wp\/v2\/pages\/581\/revisions"}],"wp:attachment":[{"href":"https:\/\/ceramicasantanaba.com.br\/otimiza\/wp-json\/wp\/v2\/media?parent=581"}],"curies":[{"name":"wp","href":"https:\/\/api.w.org\/{rel}","templated":true}]}}