{"id":31,"date":"2016-04-18T11:21:18","date_gmt":"2016-04-18T11:21:18","guid":{"rendered":"http:\/\/xml-io.proteusthemes.com\/bolts\/?page_id=31"},"modified":"2025-03-28T13:30:59","modified_gmt":"2025-03-28T13:30:59","slug":"fale-conosco","status":"publish","type":"page","link":"https:\/\/ceramicasantanaba.com.br\/otimiza\/fale-conosco\/","title":{"rendered":"Fale Conosco"},"content":{"rendered":"\t\t<div data-elementor-type=\"wp-page\" data-elementor-id=\"31\" class=\"elementor elementor-31\" data-elementor-post-type=\"page\">\n\t\t\t\t<div class=\"elementor-element elementor-element-e95f215 e-flex e-con-boxed e-con e-parent \" data-id=\"e95f215\" data-element_type=\"container\" data-e-type=\"container\">\t\t\t<div class=\"e-con-inner\">\r\n\t\t\t\t<div class=\"elementor-element elementor-element-99270f4 elementor-widget elementor-widget-text-editor\" data-id=\"99270f4\" data-element_type=\"widget\" data-e-type=\"widget\" data-widget_type=\"text-editor.default\">\n\t\t\t\t\t\t\t\t\t<p><strong>Precisa de ajuda?<\/strong> Nossa equipe est\u00e1 pronta para atender voc\u00ea com rapidez e efici\u00eancia. <strong>Entre em contato pelos nossos canais<\/strong> e tenha a melhor experi\u00eancia.<br \/><strong>Sua satisfa\u00e7\u00e3o \u00e9 a nossa prioridade!<\/strong><\/p>\t\t\t\t\t\t\t\t<\/div>\n\t\t\t\t\t<\/div>\r\n\t\t\t\t<\/div>\r\n\t\t<div class=\"elementor-element elementor-element-8a3a5ff e-flex e-con-boxed e-con e-parent \" data-id=\"8a3a5ff\" data-element_type=\"container\" data-e-type=\"container\" data-settings=\"{&quot;background_background&quot;:&quot;classic&quot;}\">\t\t\t<div class=\"e-con-inner\">\r\n\t\t<div class=\"elementor-element elementor-element-1c8ff65 e-con-full e-flex e-con e-child \" data-id=\"1c8ff65\" data-element_type=\"container\" data-e-type=\"container\" data-settings=\"{&quot;background_background&quot;:&quot;classic&quot;}\">\t\t<div class=\"elementor-element elementor-element-010f14c elementor-widget elementor-widget-pxl_title_extra\" data-id=\"010f14c\" data-element_type=\"widget\" data-e-type=\"widget\" data-widget_type=\"pxl_title_extra.default\">\n\t\t\t\t<div class=\"elementor-widget-container\">\n\t\t\t\t\t<div class=\"pxl-title-extra shadow-normal wow bounce\" data-wow-delay=\"ms\">\r\n    <div class=\"pxl-item--title\">\r\n    \t        \tDEPARTAMENTO COMERCIAL\n            <\/div>\r\n<\/div>\t\t\t\t<\/div>\n\t\t\t\t<\/div>\n\t\t\t\t<div class=\"elementor-element elementor-element-4f4118a elementor-widget elementor-widget-pxl_getintouch\" data-id=\"4f4118a\" data-element_type=\"widget\" data-e-type=\"widget\" data-widget_type=\"pxl_getintouch.default\">\n\t\t\t\t<div class=\"elementor-widget-container\">\n\t\t\t\t\t<div class=\"pxl-getintouch pxl-getintouch3 \" data-wow-delay=\"ms\">\r\n    <div class=\"pxl-getintouch-inner\">\r\n                    <div class=\"pxl-item--icon icon-none\">\r\n                <a href=\"https:\/\/api.whatsapp.com\/send?phone=5575998226035\" target=\"_blank\">                    <i aria-hidden=\"true\" class=\"icofont icofont-brand-whatsapp\"><\/i>                <\/a>            <\/div>\r\n                        <div class=\"pxl-box-content\">\r\n                            <label class=\"pxl-title-box\">\r\n                    Whatsapp's                <\/label>\r\n                                        <div class=\"pxl-cotnet-info\">\r\n                    <a href=\"https:\/\/api.whatsapp.com\/send?phone=5575998226035\" target=\"_blank\">                        (75) 99927-0051 \/ (75) 99822-6035                     <\/a>  \r\n                <\/div>\r\n                    <\/div>\r\n    <\/div>\r\n<\/div>\t\t\t\t<\/div>\n\t\t\t\t<\/div>\n\t\t\t\t<div class=\"elementor-element elementor-element-5d0acb3 elementor-widget elementor-widget-pxl_getintouch\" data-id=\"5d0acb3\" data-element_type=\"widget\" data-e-type=\"widget\" data-widget_type=\"pxl_getintouch.default\">\n\t\t\t\t<div class=\"elementor-widget-container\">\n\t\t\t\t\t<div class=\"pxl-getintouch pxl-getintouch3 \" data-wow-delay=\"ms\">\r\n    <div class=\"pxl-getintouch-inner\">\r\n                    <div class=\"pxl-item--icon icon-none\">\r\n                <a href=\"#\">                    <i aria-hidden=\"true\" class=\"fal fa-phone-alt\"><\/i>                <\/a>            <\/div>\r\n                        <div class=\"pxl-box-content\">\r\n                            <label class=\"pxl-title-box\">\r\n                    Telefone fixo                <\/label>\r\n                                        <div class=\"pxl-cotnet-info\">\r\n                    <a href=\"#\">                        (75) 3423-3000                    <\/a>  \r\n                <\/div>\r\n                    <\/div>\r\n    <\/div>\r\n<\/div>\t\t\t\t<\/div>\n\t\t\t\t<\/div>\n\t\t\t\t<div class=\"elementor-element elementor-element-de0603c elementor-widget elementor-widget-pxl_getintouch\" data-id=\"de0603c\" data-element_type=\"widget\" data-e-type=\"widget\" data-widget_type=\"pxl_getintouch.default\">\n\t\t\t\t<div class=\"elementor-widget-container\">\n\t\t\t\t\t<div class=\"pxl-getintouch pxl-getintouch3 \" data-wow-delay=\"ms\">\r\n    <div class=\"pxl-getintouch-inner\">\r\n                    <div class=\"pxl-item--icon icon-none\">\r\n                <a href=\"mailto:vendas@ceramicasantanaba.com.br\">                    <i aria-hidden=\"true\" class=\"icofont icofont-email\"><\/i>                <\/a>            <\/div>\r\n                        <div class=\"pxl-box-content\">\r\n                            <label class=\"pxl-title-box\">\r\n                    E-mail                <\/label>\r\n                                        <div class=\"pxl-cotnet-info\">\r\n                    <a href=\"mailto:vendas@ceramicasantanaba.com.br\">                        vendas@ceramicasantanaba.com.br                    <\/a>  \r\n                <\/div>\r\n                    <\/div>\r\n    <\/div>\r\n<\/div>\t\t\t\t<\/div>\n\t\t\t\t<\/div>\n\t\t\t\t<\/div>\r\n\t\t<div class=\"elementor-element elementor-element-692675f e-con-full e-flex e-con e-child \" data-id=\"692675f\" data-element_type=\"container\" data-e-type=\"container\" data-settings=\"{&quot;background_background&quot;:&quot;classic&quot;}\">\t\t<div class=\"elementor-element elementor-element-2db220b elementor-widget elementor-widget-pxl_title_extra\" data-id=\"2db220b\" data-element_type=\"widget\" data-e-type=\"widget\" data-widget_type=\"pxl_title_extra.default\">\n\t\t\t\t<div class=\"elementor-widget-container\">\n\t\t\t\t\t<div class=\"pxl-title-extra shadow-normal wow bounce\" data-wow-delay=\"ms\">\r\n    <div class=\"pxl-item--title\">\r\n    \t        \tFORMUL\u00c1RIO DE CONTATO\n\n            <\/div>\r\n<\/div>\t\t\t\t<\/div>\n\t\t\t\t<\/div>\n\t\t\t\t<div class=\"elementor-element elementor-element-90c0b43 elementor-widget elementor-widget-pxl_contact_form\" data-id=\"90c0b43\" data-element_type=\"widget\" data-e-type=\"widget\" data-widget_type=\"pxl_contact_form.default\">\n\t\t\t\t<div class=\"elementor-widget-container\">\n\t\t\t\t\t    <div class=\"pxl-contact-form pxl-contact-form1 btn-default btn-w-auto \" data-wow-delay=\"ms\">\r\n        \n<div class=\"wpcf7 no-js\" id=\"wpcf7-f1016-o1\" lang=\"pt-BR\" dir=\"ltr\" data-wpcf7-id=\"1016\">\n<div class=\"screen-reader-response\"><p role=\"status\" aria-live=\"polite\" aria-atomic=\"true\"><\/p> <ul><\/ul><\/div>\n<form action=\"\/otimiza\/wp-json\/wp\/v2\/pages\/31#wpcf7-f1016-o1\" method=\"post\" class=\"wpcf7-form init\" aria-label=\"Formul\u00e1rios de contato\" novalidate=\"novalidate\" data-status=\"init\">\n<fieldset class=\"hidden-fields-container\"><input type=\"hidden\" name=\"_wpcf7\" value=\"1016\" \/><input type=\"hidden\" name=\"_wpcf7_version\" value=\"6.1.5\" \/><input type=\"hidden\" name=\"_wpcf7_locale\" value=\"pt_BR\" \/><input type=\"hidden\" name=\"_wpcf7_unit_tag\" value=\"wpcf7-f1016-o1\" \/><input type=\"hidden\" name=\"_wpcf7_container_post\" value=\"0\" \/><input type=\"hidden\" name=\"_wpcf7_posted_data_hash\" value=\"\" \/>\n<\/fieldset>\n<div class=\"row\">\n\t<div class=\"col-xs-12 col-lg-5\">\n\t\t<p><span class=\"wpcf7-form-control-wrap\" data-name=\"your-name\"><input size=\"40\" maxlength=\"400\" class=\"wpcf7-form-control wpcf7-text wpcf7-validates-as-required form-control\" aria-required=\"true\" aria-invalid=\"false\" value=\"Digite seu nome...\" type=\"text\" name=\"your-name\" \/><\/span><br \/>\n<span class=\"wpcf7-form-control-wrap\" data-name=\"your-email\"><input size=\"40\" maxlength=\"400\" class=\"wpcf7-form-control wpcf7-email wpcf7-validates-as-required wpcf7-text wpcf7-validates-as-email form-control\" aria-required=\"true\" aria-invalid=\"false\" value=\"Informe o seu e-mail...\" type=\"email\" name=\"your-email\" \/><\/span><br \/>\n<span class=\"wpcf7-form-control-wrap\" data-name=\"your-subject\"><input size=\"40\" maxlength=\"400\" class=\"wpcf7-form-control wpcf7-text form-control\" aria-invalid=\"false\" value=\"Digite o assunto da mensagem...\" type=\"text\" name=\"your-subject\" \/><\/span>\n\t\t<\/p>\n\t<\/div>\n\t<div class=\"col-xs-12 col-lg-7\">\n\t\t<p><span class=\"wpcf7-form-control-wrap\" data-name=\"your-message\"><textarea cols=\"40\" rows=\"10\" maxlength=\"2000\" class=\"wpcf7-form-control wpcf7-textarea form-control\" aria-invalid=\"false\" name=\"your-message\">Digite aqui a sua mensagem...<\/textarea><\/span><br \/>\n<input class=\"wpcf7-form-control wpcf7-submit has-spinner btn\" type=\"submit\" value=\"ENVIAR\" \/>\n\t\t<\/p>\n\t<\/div>\n<\/div><div class=\"wpcf7-response-output\" aria-hidden=\"true\"><\/div>\n<\/form>\n<\/div>\n    <\/div>\r\n\t\t\t\t<\/div>\n\t\t\t\t<\/div>\n\t\t\t\t<\/div>\r\n\t\t\t\t\t<\/div>\r\n\t\t\t\t<\/div>\r\n\t\t<div class=\"elementor-element elementor-element-fa0d868 e-flex e-con-boxed e-con e-parent \" data-id=\"fa0d868\" data-element_type=\"container\" data-e-type=\"container\">\t\t\t<div class=\"e-con-inner\">\r\n\t\t\t\t<div class=\"elementor-element elementor-element-cb96e51 elementor-widget-divider--separator-type-pattern elementor-widget-divider--view-line elementor-widget elementor-widget-divider\" data-id=\"cb96e51\" data-element_type=\"widget\" data-e-type=\"widget\" data-widget_type=\"divider.default\">\n\t\t\t\t\t\t\t<div class=\"elementor-divider\" style=\"--divider-pattern-url: url(&quot;data:image\/svg+xml,%3Csvg xmlns=&#039;http:\/\/www.w3.org\/2000\/svg&#039; preserveAspectRatio=&#039;none&#039; overflow=&#039;visible&#039; height=&#039;100%&#039; viewBox=&#039;0 0 24 24&#039; fill=&#039;black&#039; stroke=&#039;none&#039;%3E%3Cpolygon points=&#039;9.4,2 24,2 14.6,21.6 0,21.6&#039;\/%3E%3C\/svg%3E&quot;);\">\n\t\t\t<span class=\"elementor-divider-separator\">\n\t\t\t\t\t\t<\/span>\n\t\t<\/div>\n\t\t\t\t\t\t<\/div>\n\t\t\t\t<div class=\"elementor-element elementor-element-767d1fc elementor-widget elementor-widget-pxl_title_extra\" data-id=\"767d1fc\" data-element_type=\"widget\" data-e-type=\"widget\" data-widget_type=\"pxl_title_extra.default\">\n\t\t\t\t<div class=\"elementor-widget-container\">\n\t\t\t\t\t<div class=\"pxl-title-extra shadow-normal wow bounce\" data-wow-delay=\"ms\">\r\n    <div class=\"pxl-item--title\">\r\n    \t        \tWHATSAPP'S DOS DEPARTAMENTOS\n\n            <\/div>\r\n<\/div>\t\t\t\t<\/div>\n\t\t\t\t<\/div>\n\t\t\t\t\t<\/div>\r\n\t\t\t\t<\/div>\r\n\t\t<div class=\"elementor-element elementor-element-d1a85e7 e-grid e-con-boxed e-con e-parent \" data-id=\"d1a85e7\" data-element_type=\"container\" data-e-type=\"container\">\t\t\t<div class=\"e-con-inner\">\r\n\t\t\t\t<div class=\"elementor-element elementor-element-030f795 elementor-widget elementor-widget-pxl_getintouch\" data-id=\"030f795\" data-element_type=\"widget\" data-e-type=\"widget\" data-widget_type=\"pxl_getintouch.default\">\n\t\t\t\t<div class=\"elementor-widget-container\">\n\t\t\t\t\t<div class=\"pxl-getintouch pxl-getintouch3 \" data-wow-delay=\"ms\">\r\n    <div class=\"pxl-getintouch-inner\">\r\n                    <div class=\"pxl-item--icon icon-none\">\r\n                <a href=\"https:\/\/api.whatsapp.com\/send?phone=557534233000\" target=\"_blank\">                    <i aria-hidden=\"true\" class=\"icofont icofont-brand-whatsapp\"><\/i>                <\/a>            <\/div>\r\n                        <div class=\"pxl-box-content\">\r\n                            <label class=\"pxl-title-box\">\r\n                    VENDAS                <\/label>\r\n                                        <div class=\"pxl-cotnet-info\">\r\n                    <a href=\"https:\/\/api.whatsapp.com\/send?phone=557534233000\" target=\"_blank\">                        75 3423-3000                    <\/a>  \r\n                <\/div>\r\n                    <\/div>\r\n    <\/div>\r\n<\/div>\t\t\t\t<\/div>\n\t\t\t\t<\/div>\n\t\t\t\t<div class=\"elementor-element elementor-element-0328b87 elementor-widget elementor-widget-pxl_getintouch\" data-id=\"0328b87\" data-element_type=\"widget\" data-e-type=\"widget\" data-widget_type=\"pxl_getintouch.default\">\n\t\t\t\t<div class=\"elementor-widget-container\">\n\t\t\t\t\t<div class=\"pxl-getintouch pxl-getintouch3 \" data-wow-delay=\"ms\">\r\n    <div class=\"pxl-getintouch-inner\">\r\n                    <div class=\"pxl-item--icon icon-none\">\r\n                <a href=\"https:\/\/api.whatsapp.com\/send?phone=5575998226035\" target=\"_blank\">                    <i aria-hidden=\"true\" class=\"icofont icofont-brand-whatsapp\"><\/i>                <\/a>            <\/div>\r\n                        <div class=\"pxl-box-content\">\r\n                            <label class=\"pxl-title-box\">\r\n                    VENDAS 02                <\/label>\r\n                                        <div class=\"pxl-cotnet-info\">\r\n                    <a href=\"https:\/\/api.whatsapp.com\/send?phone=5575998226035\" target=\"_blank\">                        75 99822-6035                    <\/a>  \r\n                <\/div>\r\n                    <\/div>\r\n    <\/div>\r\n<\/div>\t\t\t\t<\/div>\n\t\t\t\t<\/div>\n\t\t\t\t<div class=\"elementor-element elementor-element-0beacdb elementor-widget elementor-widget-pxl_getintouch\" data-id=\"0beacdb\" data-element_type=\"widget\" data-e-type=\"widget\" data-widget_type=\"pxl_getintouch.default\">\n\t\t\t\t<div class=\"elementor-widget-container\">\n\t\t\t\t\t<div class=\"pxl-getintouch pxl-getintouch3 \" data-wow-delay=\"ms\">\r\n    <div class=\"pxl-getintouch-inner\">\r\n                    <div class=\"pxl-item--icon icon-none\">\r\n                <a href=\"https:\/\/api.whatsapp.com\/send?phone=5575999270051\" target=\"_blank\">                    <i aria-hidden=\"true\" class=\"icofont icofont-brand-whatsapp\"><\/i>                <\/a>            <\/div>\r\n                        <div class=\"pxl-box-content\">\r\n                            <label class=\"pxl-title-box\">\r\n                    VENDAS - 03                <\/label>\r\n                                        <div class=\"pxl-cotnet-info\">\r\n                    <a href=\"https:\/\/api.whatsapp.com\/send?phone=5575999270051\" target=\"_blank\">                        75 99927-0051                    <\/a>  \r\n                <\/div>\r\n                    <\/div>\r\n    <\/div>\r\n<\/div>\t\t\t\t<\/div>\n\t\t\t\t<\/div>\n\t\t\t\t<div class=\"elementor-element elementor-element-75f30f1 elementor-widget elementor-widget-pxl_getintouch\" data-id=\"75f30f1\" data-element_type=\"widget\" data-e-type=\"widget\" data-widget_type=\"pxl_getintouch.default\">\n\t\t\t\t<div class=\"elementor-widget-container\">\n\t\t\t\t\t<div class=\"pxl-getintouch pxl-getintouch3 \" data-wow-delay=\"ms\">\r\n    <div class=\"pxl-getintouch-inner\">\r\n                    <div class=\"pxl-item--icon icon-none\">\r\n                <a href=\"https:\/\/api.whatsapp.com\/send?phone=5575999909800\" target=\"_blank\">                    <i aria-hidden=\"true\" class=\"icofont icofont-brand-whatsapp\"><\/i>                <\/a>            <\/div>\r\n                        <div class=\"pxl-box-content\">\r\n                            <label class=\"pxl-title-box\">\r\n                    FINANCEIRO                <\/label>\r\n                                        <div class=\"pxl-cotnet-info\">\r\n                    <a href=\"https:\/\/api.whatsapp.com\/send?phone=5575999909800\" target=\"_blank\">                        75 99990-9800                    <\/a>  \r\n                <\/div>\r\n                    <\/div>\r\n    <\/div>\r\n<\/div>\t\t\t\t<\/div>\n\t\t\t\t<\/div>\n\t\t\t\t<div class=\"elementor-element elementor-element-f1488da elementor-widget elementor-widget-pxl_getintouch\" data-id=\"f1488da\" data-element_type=\"widget\" data-e-type=\"widget\" data-widget_type=\"pxl_getintouch.default\">\n\t\t\t\t<div class=\"elementor-widget-container\">\n\t\t\t\t\t<div class=\"pxl-getintouch pxl-getintouch3 \" data-wow-delay=\"ms\">\r\n    <div class=\"pxl-getintouch-inner\">\r\n                    <div class=\"pxl-item--icon icon-none\">\r\n                <a href=\"https:\/\/api.whatsapp.com\/send?phone=5575999247323\" target=\"_blank\">                    <i aria-hidden=\"true\" class=\"icofont icofont-brand-whatsapp\"><\/i>                <\/a>            <\/div>\r\n                        <div class=\"pxl-box-content\">\r\n                            <label class=\"pxl-title-box\">\r\n                    COMPRAS                <\/label>\r\n                                        <div class=\"pxl-cotnet-info\">\r\n                    <a href=\"https:\/\/api.whatsapp.com\/send?phone=5575999247323\" target=\"_blank\">                        75 99822-6035                    <\/a>  \r\n                <\/div>\r\n                    <\/div>\r\n    <\/div>\r\n<\/div>\t\t\t\t<\/div>\n\t\t\t\t<\/div>\n\t\t\t\t\t<\/div>\r\n\t\t\t\t<\/div>\r\n\t\t<div class=\"elementor-element elementor-element-98ce5da e-flex e-con-boxed e-con e-parent \" data-id=\"98ce5da\" data-element_type=\"container\" data-e-type=\"container\">\t\t\t<div class=\"e-con-inner\">\r\n\t\t\t\t\t<\/div>\r\n\t\t\t\t<\/div>\r\n\t\t<div class=\"elementor-element elementor-element-dac7b09 e-flex e-con-boxed e-con e-parent \" data-id=\"dac7b09\" data-element_type=\"container\" data-e-type=\"container\">\t\t\t<div class=\"e-con-inner\">\r\n\t\t\t\t<div class=\"elementor-element elementor-element-9ddaefd elementor-widget elementor-widget-html\" data-id=\"9ddaefd\" data-element_type=\"widget\" data-e-type=\"widget\" data-widget_type=\"html.default\">\n\t\t\t\t\t<script>\r\n  \/\/ Seleciona todos os inputs e textareas da p\u00e1gina\r\n  const fields = document.querySelectorAll('input, textarea');\r\n\r\n  fields.forEach(field => {\r\n    \/\/ Armazena o valor inicial do placeholder ou value\r\n    const initialPlaceholder = field.placeholder;\r\n    const initialValue = field.value;\r\n\r\n    \/\/ Remove o placeholder\/value ao focar no campo\r\n    field.addEventListener('focus', () => {\r\n      if (field.value === initialValue) {\r\n        field.value = '';\r\n      }\r\n      if (field.placeholder) {\r\n        field.placeholder = '';\r\n      }\r\n    });\r\n\r\n    \/\/ Restaura o placeholder\/value ao desfocar do campo, se ele estiver vazio\r\n    field.addEventListener('blur', () => {\r\n      if (field.value === '') {\r\n        field.value = initialValue;\r\n      }\r\n      if (field.placeholder === '') {\r\n        field.placeholder = initialPlaceholder;\r\n      }\r\n    });\r\n  });\r\n<\/script>\r\n\r\n\t\t\t\t<\/div>\n\t\t\t\t\t<\/div>\r\n\t\t\t\t<\/div>\r\n\t\t\t\t<\/div>\n\t\t","protected":false},"excerpt":{"rendered":"<p>Precisa de ajuda? Nossa equipe est\u00e1 pronta para atender voc\u00ea com rapidez e efici\u00eancia. Entre em contato pelos nossos canais e tenha a melhor experi\u00eancia.Sua satisfa\u00e7\u00e3o \u00e9 a nossa prioridade! DEPARTAMENTO COMERCIAL Whatsapp&#8217;s (75) 99927-0051 \/ (75) 99822-6035 Telefone fixo (75) 3423-3000 E-mail vendas@ceramicasantanaba.com.br FORMUL\u00c1RIO DE CONTATO Digite aqui a sua mensagem&#8230; WHATSAPP&#8217;S DOS DEPARTAMENTOS [&hellip;]<\/p>\n","protected":false},"author":0,"featured_media":0,"parent":0,"menu_order":0,"comment_status":"closed","ping_status":"closed","template":"","meta":{"_acf_changed":false,"footnotes":""},"class_list":["post-31","page","type-page","status-publish","hentry"],"acf":[],"aioseo_notices":[],"_links":{"self":[{"href":"https:\/\/ceramicasantanaba.com.br\/otimiza\/wp-json\/wp\/v2\/pages\/31","targetHints":{"allow":["GET"]}}],"collection":[{"href":"https:\/\/ceramicasantanaba.com.br\/otimiza\/wp-json\/wp\/v2\/pages"}],"about":[{"href":"https:\/\/ceramicasantanaba.com.br\/otimiza\/wp-json\/wp\/v2\/types\/page"}],"replies":[{"embeddable":true,"href":"https:\/\/ceramicasantanaba.com.br\/otimiza\/wp-json\/wp\/v2\/comments?post=31"}],"version-history":[{"count":0,"href":"https:\/\/ceramicasantanaba.com.br\/otimiza\/wp-json\/wp\/v2\/pages\/31\/revisions"}],"wp:attachment":[{"href":"https:\/\/ceramicasantanaba.com.br\/otimiza\/wp-json\/wp\/v2\/media?parent=31"}],"curies":[{"name":"wp","href":"https:\/\/api.w.org\/{rel}","templated":true}]}}