{"id":20280,"date":"2025-01-30T18:07:19","date_gmt":"2025-01-30T18:07:19","guid":{"rendered":"https:\/\/ceramicasantanaba.com.br\/otimiza\/?page_id=20040"},"modified":"2025-07-25T19:13:15","modified_gmt":"2025-07-25T19:13:15","slug":"produtos","status":"publish","type":"page","link":"https:\/\/ceramicasantanaba.com.br\/otimiza\/produtos\/","title":{"rendered":"Produtos"},"content":{"rendered":"\t\t<div data-elementor-type=\"wp-page\" data-elementor-id=\"20280\" class=\"elementor elementor-20280\" data-elementor-post-type=\"page\">\n\t\t\t\t        <section class=\"elementor-section elementor-top-section elementor-element elementor-element-a176200 elementor-section-boxed elementor-section-height-default elementor-section-height-default pxl-type-header-none pxl-row-scroll-none\" data-id=\"a176200\" data-element_type=\"section\" data-e-type=\"section\">\n\n                \n                <div class=\"elementor-container elementor-column-gap-default \">\n                <div class=\"elementor-column elementor-col-100 elementor-top-column elementor-element elementor-element-8df4665 pxl-column-element-default pxl-column-none pxl-column-overflow-hidden-no\" data-id=\"8df4665\" data-element_type=\"column\" data-e-type=\"column\">\r\n        <div class=\"elementor-widget-wrap elementor-element-populated\">\r\n                     \r\n        \t\t<div class=\"elementor-element elementor-element-deed3b7 elementor-widget elementor-widget-text-editor\" data-id=\"deed3b7\" data-element_type=\"widget\" data-e-type=\"widget\" data-widget_type=\"text-editor.default\">\n\t\t\t\t\t\t\t\t\t<p>Confira nosso <strong>portif\u00f3lio de produtos.<\/strong>\u00a0<\/p>\t\t\t\t\t\t\t\t<\/div>\n\t\t            <\/div>\r\n        <\/div>\r\n        \t\t\t<\/div>\n\t\t<\/section>\n\t\t<div class=\"elementor-element elementor-element-329be33 e-flex e-con-boxed e-con e-parent \" data-id=\"329be33\" data-element_type=\"container\" data-e-type=\"container\">\t\t\t<div class=\"e-con-inner\">\r\n\t\t<div class=\"elementor-element elementor-element-61d028f e-con-full e-flex e-con e-child \" data-id=\"61d028f\" data-element_type=\"container\" data-e-type=\"container\"><div class=\"elementor-element elementor-element-ec0dc61 e-con-full e-flex e-con e-child \" data-id=\"ec0dc61\" data-element_type=\"container\" data-e-type=\"container\" data-settings=\"{&quot;background_background&quot;:&quot;classic&quot;}\">\t\t<div class=\"elementor-element elementor-element-0b47ad0 elementor-widget elementor-widget-image\" data-id=\"0b47ad0\" data-element_type=\"widget\" data-e-type=\"widget\" data-widget_type=\"image.default\">\n\t\t\t\t\t\t\t\t\t\t\t\t\t\t\t\t<a href=\"https:\/\/ceramicasantanaba.com.br\/otimiza\/produto\/telha-americana\/\">\n\t\t\t\t\t\t\t<img decoding=\"async\" src=\"https:\/\/ceramicasantanaba.com.br\/otimiza\/wp-content\/uploads\/elementor\/thumbs\/telhaamericana-r0x7fvlika5pcfb8fac0m5r35nhxo4d6fi251s749o.png\" title=\"Telha Americana Resinada em Alagoinhas Bahia\" alt=\"Telha Americana Resinada em Alagoinhas Bahia\" loading=\"lazy\" \/>\t\t\t\t\t\t\t\t<\/a>\n\t\t\t\t\t\t\t\t\t\t\t\t\t\t\t<\/div>\n\t\t\t\t<div class=\"elementor-element elementor-element-d20a726 elementor-widget elementor-widget-heading\" data-id=\"d20a726\" data-element_type=\"widget\" data-e-type=\"widget\" data-widget_type=\"heading.default\">\n\t\t\t\t\t<h5 class=\"elementor-heading-title elementor-size-default\">Telha Americana Resinada\n<\/h5>\t\t\t\t<\/div>\n\t\t\t\t<div class=\"elementor-element elementor-element-4b822f2 elementor-widget elementor-widget-text-editor\" data-id=\"4b822f2\" data-element_type=\"widget\" data-e-type=\"widget\" data-widget_type=\"text-editor.default\">\n\t\t\t\t\t\t\t\t\t<div id=\"comp-l16t1trp__item1\" class=\"HcOXKn c9GqVL QxJLC3 lq2cno YQcXTT comp-l16t1trp wixui-rich-text\" data-testid=\"richTextElement\"><p><span style=\"color: #00000;\"><strong>Rendimento M\u00e9dio:<\/strong><\/span> 12,0 T\/M\u00b2<br \/><span style=\"color: #00000;\"><strong>Dimens\u00e3o:<\/strong><\/span> C:45,0cm \/ L:26,5 cm<br \/><span style=\"color: #00000;\"><strong>Galga:<\/strong> <\/span>Min.:37,6cm \/ Mont.:38,1 cm<br \/><span style=\"color: #00000;\"><strong>Inclina\u00e7\u00e3o:<\/strong><\/span> M\u00edn.: 35,0% \/ Max.: 45,0%<br \/><span style=\"color: #00000;\"><strong>Peso:<\/strong> <\/span>3,100 KGs<\/p><\/div>\t\t\t\t\t\t\t\t<\/div>\n\t\t\t\t<div class=\"elementor-element elementor-element-9e6ac40 elementor-widget elementor-widget-button\" data-id=\"9e6ac40\" data-element_type=\"widget\" data-e-type=\"widget\" data-widget_type=\"button.default\">\n\t\t\t\t\t\t\t\t\t\t<a class=\"elementor-button elementor-button-link elementor-size-sm\" href=\"https:\/\/ceramicasantanaba.com.br\/otimiza\/produto\/telha-americana\/\">\n\t\t\t\t\t\t<span class=\"elementor-button-content-wrapper\">\n\t\t\t\t\t\t<span class=\"elementor-button-icon\">\n\t\t\t\t<i aria-hidden=\"true\" class=\"far fa-arrow-right\"><\/i>\t\t\t<\/span>\n\t\t\t\t\t\t\t\t\t<span class=\"elementor-button-text\">Saiba mais<\/span>\n\t\t\t\t\t<\/span>\n\t\t\t\t\t<\/a>\n\t\t\t\t\t\t\t\t<\/div>\n\t\t\t\t<\/div>\r\n\t\t<div class=\"elementor-element elementor-element-faee2e5 e-con-full e-flex e-con e-child \" data-id=\"faee2e5\" data-element_type=\"container\" data-e-type=\"container\" data-settings=\"{&quot;background_background&quot;:&quot;classic&quot;}\">\t\t<div class=\"elementor-element elementor-element-2cd96c9 elementor-widget elementor-widget-image\" data-id=\"2cd96c9\" data-element_type=\"widget\" data-e-type=\"widget\" data-widget_type=\"image.default\">\n\t\t\t\t\t\t\t\t\t\t\t\t\t\t\t\t<a href=\"https:\/\/ceramicasantanaba.com.br\/otimiza\/produto\/telha-romana\/\">\n\t\t\t\t\t\t\t<img decoding=\"async\" src=\"https:\/\/ceramicasantanaba.com.br\/otimiza\/wp-content\/uploads\/elementor\/thumbs\/telharomana-r0x7gdgg64u5h0laj01xfj8ufz1wqdc2tygd61gmzg.png\" title=\"telharomana\" alt=\"telharomana\" loading=\"lazy\" \/>\t\t\t\t\t\t\t\t<\/a>\n\t\t\t\t\t\t\t\t\t\t\t\t\t\t\t<\/div>\n\t\t\t\t<div class=\"elementor-element elementor-element-bfb268d elementor-widget elementor-widget-heading\" data-id=\"bfb268d\" data-element_type=\"widget\" data-e-type=\"widget\" data-widget_type=\"heading.default\">\n\t\t\t\t\t<h5 class=\"elementor-heading-title elementor-size-default\">Telha Romana Resinada\n<\/h5>\t\t\t\t<\/div>\n\t\t\t\t<div class=\"elementor-element elementor-element-1588830 elementor-widget elementor-widget-text-editor\" data-id=\"1588830\" data-element_type=\"widget\" data-e-type=\"widget\" data-widget_type=\"text-editor.default\">\n\t\t\t\t\t\t\t\t\t<div id=\"comp-l16t1trp__item1\" class=\"HcOXKn c9GqVL QxJLC3 lq2cno YQcXTT comp-l16t1trp wixui-rich-text\" data-testid=\"richTextElement\"><p><span style=\"color: #000000;\"><strong>Rendimento M\u00e9dio:<\/strong><\/span> 16,0 T\/M\u00b2<br \/><span style=\"color: #000000;\"><strong>Dimens\u00e3o:<\/strong><\/span> C-40,5 cm \/ L-22,0 cm<br \/><span style=\"color: #000000;\"><strong>Galga:<\/strong> <span style=\"color: #000000;\">M\u00edn.:<\/span><\/span>34,0 cm \/ M\u00e1x.:34,5 cm<br \/><span style=\"color: #000000;\"><strong>Inclina\u00e7\u00e3o:<\/strong><\/span> M\u00edn.: 35,0% \/ M\u00e1x.: 45,0%<br \/><span style=\"color: #000000;\"><strong>Peso:<\/strong> <\/span>2,3 KGs<\/p><\/div>\t\t\t\t\t\t\t\t<\/div>\n\t\t\t\t<div class=\"elementor-element elementor-element-cb0450c elementor-widget elementor-widget-button\" data-id=\"cb0450c\" data-element_type=\"widget\" data-e-type=\"widget\" data-widget_type=\"button.default\">\n\t\t\t\t\t\t\t\t\t\t<a class=\"elementor-button elementor-button-link elementor-size-sm\" href=\"https:\/\/ceramicasantanaba.com.br\/otimiza\/produto\/telha-romana\/\">\n\t\t\t\t\t\t<span class=\"elementor-button-content-wrapper\">\n\t\t\t\t\t\t<span class=\"elementor-button-icon\">\n\t\t\t\t<i aria-hidden=\"true\" class=\"far fa-arrow-right\"><\/i>\t\t\t<\/span>\n\t\t\t\t\t\t\t\t\t<span class=\"elementor-button-text\">Saiba mais<\/span>\n\t\t\t\t\t<\/span>\n\t\t\t\t\t<\/a>\n\t\t\t\t\t\t\t\t<\/div>\n\t\t\t\t<\/div>\r\n\t\t<div class=\"elementor-element elementor-element-83c038b e-con-full e-flex e-con e-child \" data-id=\"83c038b\" data-element_type=\"container\" data-e-type=\"container\" data-settings=\"{&quot;background_background&quot;:&quot;classic&quot;}\">\t\t<div class=\"elementor-element elementor-element-9ab4afa elementor-widget elementor-widget-image\" data-id=\"9ab4afa\" data-element_type=\"widget\" data-e-type=\"widget\" data-widget_type=\"image.default\">\n\t\t\t\t\t\t\t\t\t\t\t\t\t\t\t\t<a href=\"https:\/\/ceramicasantanaba.com.br\/otimiza\/produto\/telha-colonial-extrudada\/\">\n\t\t\t\t\t\t\t<img decoding=\"async\" src=\"https:\/\/ceramicasantanaba.com.br\/otimiza\/wp-content\/uploads\/elementor\/thumbs\/telhacolonialextrudada-r0x7grk10ndgb60t8o5byxorcr4extw1vw8nd6vqe4.png\" title=\"telhacolonialextrudada\" alt=\"telhacolonialextrudada\" loading=\"lazy\" \/>\t\t\t\t\t\t\t\t<\/a>\n\t\t\t\t\t\t\t\t\t\t\t\t\t\t\t<\/div>\n\t\t\t\t<div class=\"elementor-element elementor-element-bec5894 elementor-widget elementor-widget-heading\" data-id=\"bec5894\" data-element_type=\"widget\" data-e-type=\"widget\" data-widget_type=\"heading.default\">\n\t\t\t\t\t<h5 class=\"elementor-heading-title elementor-size-default\">Telha Colonial Extrudada\n<\/h5>\t\t\t\t<\/div>\n\t\t\t\t<div class=\"elementor-element elementor-element-f2580ba elementor-widget elementor-widget-text-editor\" data-id=\"f2580ba\" data-element_type=\"widget\" data-e-type=\"widget\" data-widget_type=\"text-editor.default\">\n\t\t\t\t\t\t\t\t\t<div id=\"comp-l16t1trp__item1\" class=\"HcOXKn c9GqVL QxJLC3 lq2cno YQcXTT comp-l16t1trp wixui-rich-text\" data-testid=\"richTextElement\"><p><span style=\"color: #000000;\"><strong>Rendimento M\u00e9dio:<\/strong><\/span> 30,0 T\/M\u00b2 <br \/><span style=\"color: #000000;\"><strong>Dimens\u00e3o:<\/strong><\/span> C-50,0 cm \/ L- 15,5 cm<br \/><span style=\"color: #000000;\"><strong>Galga:<\/strong> <\/span>M\u00edn.:41,0 cm \/ <span style=\"color: #000000;\">M\u00e1x.:<\/span>41,5 cm<br \/><span style=\"color: #000000;\"><strong>Inclina\u00e7\u00e3o:<\/strong><\/span> M\u00edn.: 30,0% \/ <span style=\"color: #000000;\">M\u00e1x.: <\/span>45,0%<br \/><span style=\"color: #000000;\"><strong>Peso:<\/strong> <\/span>1,3\u00a0 KGs<\/p><\/div>\t\t\t\t\t\t\t\t<\/div>\n\t\t\t\t<div class=\"elementor-element elementor-element-5ee0ec2 elementor-widget elementor-widget-button\" data-id=\"5ee0ec2\" data-element_type=\"widget\" data-e-type=\"widget\" data-widget_type=\"button.default\">\n\t\t\t\t\t\t\t\t\t\t<a class=\"elementor-button elementor-button-link elementor-size-sm\" href=\"https:\/\/ceramicasantanaba.com.br\/otimiza\/produto\/telha-colonial-extrudada\/\">\n\t\t\t\t\t\t<span class=\"elementor-button-content-wrapper\">\n\t\t\t\t\t\t<span class=\"elementor-button-icon\">\n\t\t\t\t<i aria-hidden=\"true\" class=\"far fa-arrow-right\"><\/i>\t\t\t<\/span>\n\t\t\t\t\t\t\t\t\t<span class=\"elementor-button-text\">Saiba mais<\/span>\n\t\t\t\t\t<\/span>\n\t\t\t\t\t<\/a>\n\t\t\t\t\t\t\t\t<\/div>\n\t\t\t\t<\/div>\r\n\t\t<div class=\"elementor-element elementor-element-14efab7 e-con-full e-flex e-con e-child \" data-id=\"14efab7\" data-element_type=\"container\" data-e-type=\"container\" data-settings=\"{&quot;background_background&quot;:&quot;classic&quot;}\">\t\t<div class=\"elementor-element elementor-element-0e92508 elementor-widget elementor-widget-image\" data-id=\"0e92508\" data-element_type=\"widget\" data-e-type=\"widget\" data-widget_type=\"image.default\">\n\t\t\t\t\t\t\t\t\t\t\t\t\t\t\t\t<a href=\"https:\/\/ceramicasantanaba.com.br\/otimiza\/produto\/telha-plan-extrudada\/\">\n\t\t\t\t\t\t\t<img decoding=\"async\" src=\"https:\/\/ceramicasantanaba.com.br\/otimiza\/wp-content\/uploads\/elementor\/thumbs\/telhaplanextrudada-r0x7hacstc36rd9i6w9vcsxz8gjr7ryomhacyq3uxo.png\" title=\"telhaplanextrudada\" alt=\"telhaplanextrudada\" loading=\"lazy\" \/>\t\t\t\t\t\t\t\t<\/a>\n\t\t\t\t\t\t\t\t\t\t\t\t\t\t\t<\/div>\n\t\t\t\t<div class=\"elementor-element elementor-element-dffe658 elementor-widget elementor-widget-heading\" data-id=\"dffe658\" data-element_type=\"widget\" data-e-type=\"widget\" data-widget_type=\"heading.default\">\n\t\t\t\t\t<h5 class=\"elementor-heading-title elementor-size-default\">Telha Plan Extrudada\n<\/h5>\t\t\t\t<\/div>\n\t\t\t\t<div class=\"elementor-element elementor-element-fdbd105 elementor-widget elementor-widget-text-editor\" data-id=\"fdbd105\" data-element_type=\"widget\" data-e-type=\"widget\" data-widget_type=\"text-editor.default\">\n\t\t\t\t\t\t\t\t\t<div id=\"comp-l16t1trp__item1\" class=\"HcOXKn c9GqVL QxJLC3 lq2cno YQcXTT comp-l16t1trp wixui-rich-text\" data-testid=\"richTextElement\"><p><span style=\"color: #000000;\"><strong>Rendimento M\u00e9dio:<\/strong><\/span> 30,0 T\/M\u00b2<br \/><span style=\"color: #000000;\"><strong>Dimens\u00e3o:<\/strong><\/span> C-50,0 cm \/ L-15,5 cm<br \/><span style=\"color: #000000;\"><strong>Galga:<\/strong> <\/span>M\u00edn.: 41,0 cm \/ M\u00e1x: 41,5 cm<br \/><span style=\"color: #000000;\"><strong>Inclina\u00e7\u00e3o:<\/strong><\/span> M\u00edn.:30,0% \/ M\u00e1x.: 45,0%<br \/><span style=\"color: #000000;\"><strong>Peso:<\/strong> <\/span>1,3 KGs<\/p><\/div>\t\t\t\t\t\t\t\t<\/div>\n\t\t\t\t<div class=\"elementor-element elementor-element-8437eb4 elementor-widget elementor-widget-button\" data-id=\"8437eb4\" data-element_type=\"widget\" data-e-type=\"widget\" data-widget_type=\"button.default\">\n\t\t\t\t\t\t\t\t\t\t<a class=\"elementor-button elementor-button-link elementor-size-sm\" href=\"https:\/\/ceramicasantanaba.com.br\/otimiza\/produto\/telha-plan-extrudada\/\">\n\t\t\t\t\t\t<span class=\"elementor-button-content-wrapper\">\n\t\t\t\t\t\t<span class=\"elementor-button-icon\">\n\t\t\t\t<i aria-hidden=\"true\" class=\"far fa-arrow-right\"><\/i>\t\t\t<\/span>\n\t\t\t\t\t\t\t\t\t<span class=\"elementor-button-text\">Saiba mais<\/span>\n\t\t\t\t\t<\/span>\n\t\t\t\t\t<\/a>\n\t\t\t\t\t\t\t\t<\/div>\n\t\t\t\t<\/div>\r\n\t\t<div class=\"elementor-element elementor-element-cc75e11 e-con-full e-flex e-con e-child \" data-id=\"cc75e11\" data-element_type=\"container\" data-e-type=\"container\" data-settings=\"{&quot;background_background&quot;:&quot;classic&quot;}\">\t\t<div class=\"elementor-element elementor-element-c13316a elementor-widget elementor-widget-image\" data-id=\"c13316a\" data-element_type=\"widget\" data-e-type=\"widget\" data-widget_type=\"image.default\">\n\t\t\t\t\t\t\t\t\t\t\t\t\t\t\t\t<a href=\"https:\/\/ceramicasantanaba.com.br\/otimiza\/produto\/telha-cumeeira\/\">\n\t\t\t\t\t\t\t<img decoding=\"async\" src=\"https:\/\/ceramicasantanaba.com.br\/otimiza\/wp-content\/uploads\/elementor\/thumbs\/telhacumeeira-r0x7hmkpa6jwyarr7jk0r7uyygvizub705ro7blqos.png\" title=\"telhacumeeira\" alt=\"telhacumeeira\" loading=\"lazy\" \/>\t\t\t\t\t\t\t\t<\/a>\n\t\t\t\t\t\t\t\t\t\t\t\t\t\t\t<\/div>\n\t\t\t\t<div class=\"elementor-element elementor-element-d43a0bb elementor-widget elementor-widget-heading\" data-id=\"d43a0bb\" data-element_type=\"widget\" data-e-type=\"widget\" data-widget_type=\"heading.default\">\n\t\t\t\t\t<h5 class=\"elementor-heading-title elementor-size-default\">Telha Cumeeira Resinada\n<\/h5>\t\t\t\t<\/div>\n\t\t\t\t<div class=\"elementor-element elementor-element-5b54609 elementor-widget elementor-widget-text-editor\" data-id=\"5b54609\" data-element_type=\"widget\" data-e-type=\"widget\" data-widget_type=\"text-editor.default\">\n\t\t\t\t\t\t\t\t\t<div id=\"comp-l16t1trp__item1\" class=\"HcOXKn c9GqVL QxJLC3 lq2cno YQcXTT comp-l16t1trp wixui-rich-text\" data-testid=\"richTextElement\">\n\n<span style=\"color: #000000;\"><strong>Rendimento M\u00e9dio:<\/strong><\/span> 3,0 P\/ml<\/br>\n<span style=\"color: #000000;\"><strong>Peso:<\/strong> <\/span>2,3 KGs\n\n<\/div>\t\t\t\t\t\t\t\t<\/div>\n\t\t\t\t<div class=\"elementor-element elementor-element-e6144ed elementor-widget elementor-widget-button\" data-id=\"e6144ed\" data-element_type=\"widget\" data-e-type=\"widget\" data-widget_type=\"button.default\">\n\t\t\t\t\t\t\t\t\t\t<a class=\"elementor-button elementor-button-link elementor-size-sm\" href=\"https:\/\/ceramicasantanaba.com.br\/otimiza\/produto\/telha-cumeeira\/\">\n\t\t\t\t\t\t<span class=\"elementor-button-content-wrapper\">\n\t\t\t\t\t\t<span class=\"elementor-button-icon\">\n\t\t\t\t<i aria-hidden=\"true\" class=\"far fa-arrow-right\"><\/i>\t\t\t<\/span>\n\t\t\t\t\t\t\t\t\t<span class=\"elementor-button-text\">Saiba mais<\/span>\n\t\t\t\t\t<\/span>\n\t\t\t\t\t<\/a>\n\t\t\t\t\t\t\t\t<\/div>\n\t\t\t\t<\/div>\r\n\t\t<div class=\"elementor-element elementor-element-73d5599 e-con-full e-flex e-con e-child \" data-id=\"73d5599\" data-element_type=\"container\" data-e-type=\"container\" data-settings=\"{&quot;background_background&quot;:&quot;classic&quot;}\">\t\t<div class=\"elementor-element elementor-element-2ea4917 elementor-widget elementor-widget-image\" data-id=\"2ea4917\" data-element_type=\"widget\" data-e-type=\"widget\" data-widget_type=\"image.default\">\n\t\t\t\t\t\t\t\t\t\t\t\t\t\t\t\t<a href=\"https:\/\/ceramicasantanaba.com.br\/otimiza\/produto\/bloco-laje\/\">\n\t\t\t\t\t\t\t<img decoding=\"async\" src=\"https:\/\/ceramicasantanaba.com.br\/otimiza\/wp-content\/uploads\/elementor\/thumbs\/blocolaje-r0x7ikew47u8k9elpy6l8zbkcc8qoy1j4t95ha7kgs.png\" title=\"blocolaje\" alt=\"blocolaje\" loading=\"lazy\" \/>\t\t\t\t\t\t\t\t<\/a>\n\t\t\t\t\t\t\t\t\t\t\t\t\t\t\t<\/div>\n\t\t\t\t<div class=\"elementor-element elementor-element-b6f307d elementor-widget elementor-widget-heading\" data-id=\"b6f307d\" data-element_type=\"widget\" data-e-type=\"widget\" data-widget_type=\"heading.default\">\n\t\t\t\t\t<h5 class=\"elementor-heading-title elementor-size-default\">Bloco Laje\n<\/h5>\t\t\t\t<\/div>\n\t\t\t\t<div class=\"elementor-element elementor-element-e0693ef elementor-widget elementor-widget-text-editor\" data-id=\"e0693ef\" data-element_type=\"widget\" data-e-type=\"widget\" data-widget_type=\"text-editor.default\">\n\t\t\t\t\t\t\t\t\t<div id=\"comp-l16t1trp__item1\" class=\"HcOXKn c9GqVL QxJLC3 lq2cno YQcXTT comp-l16t1trp wixui-rich-text\" data-testid=\"richTextElement\"><p><span style=\"color: #000000;\"><strong>Rendimento M\u00e9dio:<\/strong><\/span> 12,0 P\/M\u00b2<br \/><span style=\"color: #000000;\"><strong>Medidas:<\/strong> <\/span>6,5 X 19 X 28 CM<br \/><span style=\"color: #000000;\"><strong>Peso:<\/strong> <\/span>2,9 KGs<\/p><\/div>\t\t\t\t\t\t\t\t<\/div>\n\t\t\t\t<div class=\"elementor-element elementor-element-31ebe4c elementor-widget elementor-widget-button\" data-id=\"31ebe4c\" data-element_type=\"widget\" data-e-type=\"widget\" data-widget_type=\"button.default\">\n\t\t\t\t\t\t\t\t\t\t<a class=\"elementor-button elementor-button-link elementor-size-sm\" href=\"https:\/\/ceramicasantanaba.com.br\/otimiza\/produto\/bloco-laje\/\">\n\t\t\t\t\t\t<span class=\"elementor-button-content-wrapper\">\n\t\t\t\t\t\t<span class=\"elementor-button-icon\">\n\t\t\t\t<i aria-hidden=\"true\" class=\"far fa-arrow-right\"><\/i>\t\t\t<\/span>\n\t\t\t\t\t\t\t\t\t<span class=\"elementor-button-text\">Saiba mais<\/span>\n\t\t\t\t\t<\/span>\n\t\t\t\t\t<\/a>\n\t\t\t\t\t\t\t\t<\/div>\n\t\t\t\t<\/div>\r\n\t\t<div class=\"elementor-element elementor-element-ee36610 e-con-full elementor-hidden-desktop elementor-hidden-laptop elementor-hidden-tablet_extra elementor-hidden-tablet elementor-hidden-mobile_extra elementor-hidden-mobile e-flex e-con e-child \" data-id=\"ee36610\" data-element_type=\"container\" data-e-type=\"container\" data-settings=\"{&quot;background_background&quot;:&quot;classic&quot;}\">\t\t<div class=\"elementor-element elementor-element-c7268b5 elementor-widget elementor-widget-image\" data-id=\"c7268b5\" data-element_type=\"widget\" data-e-type=\"widget\" data-widget_type=\"image.default\">\n\t\t\t\t\t\t\t\t\t\t\t\t\t\t\t\t<a href=\"https:\/\/ceramicasantanaba.com.br\/otimiza\/produto\/bloco-laje\/\">\n\t\t\t\t\t\t\t<img decoding=\"async\" src=\"https:\/\/ceramicasantanaba.com.br\/otimiza\/wp-content\/uploads\/elementor\/thumbs\/blocoveda-r51j6i1iche1kzltlj4zcxja4x81alm6oqz6mbxpb0.png\" title=\"blocoveda\" alt=\"blocoveda\" loading=\"lazy\" \/>\t\t\t\t\t\t\t\t<\/a>\n\t\t\t\t\t\t\t\t\t\t\t\t\t\t\t<\/div>\n\t\t\t\t<div class=\"elementor-element elementor-element-49c5c0c elementor-widget elementor-widget-heading\" data-id=\"49c5c0c\" data-element_type=\"widget\" data-e-type=\"widget\" data-widget_type=\"heading.default\">\n\t\t\t\t\t<h5 class=\"elementor-heading-title elementor-size-default\">Bloco veda\u00e7\u00e3o\n<\/h5>\t\t\t\t<\/div>\n\t\t\t\t<div class=\"elementor-element elementor-element-c032e69 elementor-widget elementor-widget-text-editor\" data-id=\"c032e69\" data-element_type=\"widget\" data-e-type=\"widget\" data-widget_type=\"text-editor.default\">\n\t\t\t\t\t\t\t\t\t<div id=\"comp-l16t1trp__item1\" class=\"HcOXKn c9GqVL QxJLC3 lq2cno YQcXTT comp-l16t1trp wixui-rich-text\" data-testid=\"richTextElement\"><p><span style=\"color: #000000;\"><strong>Rendimento M\u00e9dio:<\/strong><\/span> 20 Blocos<br \/><span style=\"color: #000000;\"><strong>Medidas:<\/strong> <\/span>9 X19 X 24CM<br \/><span style=\"color: #000000;\"><strong>Peso:<\/strong> 2<\/span>,9 KGs<\/p><\/div>\t\t\t\t\t\t\t\t<\/div>\n\t\t\t\t<div class=\"elementor-element elementor-element-7a74cfe elementor-widget elementor-widget-button\" data-id=\"7a74cfe\" data-element_type=\"widget\" data-e-type=\"widget\" data-widget_type=\"button.default\">\n\t\t\t\t\t\t\t\t\t\t<a class=\"elementor-button elementor-size-sm\" role=\"button\">\n\t\t\t\t\t\t<span class=\"elementor-button-content-wrapper\">\n\t\t\t\t\t\t<span class=\"elementor-button-icon\">\n\t\t\t\t<i aria-hidden=\"true\" class=\"far fa-arrow-right\"><\/i>\t\t\t<\/span>\n\t\t\t\t\t\t\t\t\t<span class=\"elementor-button-text\">Saiba mais<\/span>\n\t\t\t\t\t<\/span>\n\t\t\t\t\t<\/a>\n\t\t\t\t\t\t\t\t<\/div>\n\t\t\t\t<\/div>\r\n\t\t\t\t<\/div>\r\n\t\t\t\t\t<\/div>\r\n\t\t\t\t<\/div>\r\n\t\t\t\t<\/div>\n\t\t","protected":false},"excerpt":{"rendered":"<p>Confira nosso portif\u00f3lio de produtos.\u00a0 Telha Americana Resinada Rendimento M\u00e9dio: 12,0 T\/M\u00b2Dimens\u00e3o: C:45,0cm \/ L:26,5 cmGalga: Min.:37,6cm \/ Mont.:38,1 cmInclina\u00e7\u00e3o: M\u00edn.: 35,0% \/ Max.: 45,0%Peso: 3,100 KGs Saiba mais Telha Romana Resinada Rendimento M\u00e9dio: 16,0 T\/M\u00b2Dimens\u00e3o: C-40,5 cm \/ L-22,0 cmGalga: M\u00edn.:34,0 cm \/ M\u00e1x.:34,5 cmInclina\u00e7\u00e3o: M\u00edn.: 35,0% \/ M\u00e1x.: 45,0%Peso: 2,3 KGs Saiba mais [&hellip;]<\/p>\n","protected":false},"author":7,"featured_media":0,"parent":0,"menu_order":0,"comment_status":"closed","ping_status":"closed","template":"","meta":{"_acf_changed":false,"footnotes":""},"class_list":["post-20280","page","type-page","status-publish","hentry"],"acf":[],"aioseo_notices":[],"_links":{"self":[{"href":"https:\/\/ceramicasantanaba.com.br\/otimiza\/wp-json\/wp\/v2\/pages\/20280","targetHints":{"allow":["GET"]}}],"collection":[{"href":"https:\/\/ceramicasantanaba.com.br\/otimiza\/wp-json\/wp\/v2\/pages"}],"about":[{"href":"https:\/\/ceramicasantanaba.com.br\/otimiza\/wp-json\/wp\/v2\/types\/page"}],"author":[{"embeddable":true,"href":"https:\/\/ceramicasantanaba.com.br\/otimiza\/wp-json\/wp\/v2\/users\/7"}],"replies":[{"embeddable":true,"href":"https:\/\/ceramicasantanaba.com.br\/otimiza\/wp-json\/wp\/v2\/comments?post=20280"}],"version-history":[{"count":0,"href":"https:\/\/ceramicasantanaba.com.br\/otimiza\/wp-json\/wp\/v2\/pages\/20280\/revisions"}],"wp:attachment":[{"href":"https:\/\/ceramicasantanaba.com.br\/otimiza\/wp-json\/wp\/v2\/media?parent=20280"}],"curies":[{"name":"wp","href":"https:\/\/api.w.org\/{rel}","templated":true}]}}